{"id":2380,"date":"2017-05-28T12:16:22","date_gmt":"2017-05-28T11:16:22","guid":{"rendered":"http:\/\/atemstimmen.ch\/wp01\/?page_id=2380"},"modified":"2024-08-15T13:18:24","modified_gmt":"2024-08-15T12:18:24","slug":"kat_home","status":"publish","type":"page","link":"https:\/\/alavoix.com\/wp01\/kat_home\/","title":{"rendered":"Atemtherapie Middendorf &#038; IKP"},"content":{"rendered":"<div class=\"wpb-content-wrapper\">[vc_row][vc_column width=&#8220;3\/4&#8243;][vc_column_text el_class=&#8220;bulletDiamond&#8220;]\n<ul>\n<li><span style=\"font-size: 14px; font-family: Telex;\"><a href=\"https:\/\/alavoix.com\/wp01\/kat_begriff\/\"><strong>Begriffsdefinition<\/strong> <\/a>Was ist Atemtherapie?<\/span><\/li>\n<li><span style=\"font-size: 14px; font-family: Telex;\"><a href=\"https:\/\/alavoix.com\/wp01\/kat_indikationen\/\"><strong>Indikationen<\/strong><\/a> Welche Symptome werden behandelt?<\/span><\/li>\n<li><span style=\"font-size: 14px; font-family: Telex;\"><a href=\"https:\/\/alavoix.com\/wp01\/kat_arbeitsweise\/\"><strong>Arbeitsweise<\/strong><\/a> Wie wird in der Atemtherapie gearbeitet?<\/span><\/li>\n<li><span style=\"font-size: 14px; font-family: Telex;\"><a href=\"https:\/\/alavoix.com\/wp01\/kat_wirkungen\/\"><strong>Wirkungen<\/strong><\/a> Was k\u00f6nnen Sie mit Atemtherapie erreichen?<\/span><\/li>\n<li><span style=\"font-size: 14px; font-family: Telex;\"><a href=\"https:\/\/alavoix.com\/wp01\/kat_faszination-atem\/\"><strong>Faszination Atem<\/strong><\/a> Gut zu wissen<\/span><\/li>\n<\/ul>\n[\/vc_column_text][vc_column_text css=&#8220;.vc_custom_1658477151907{margin-top: 25px !important;}&#8220;]<span style=\"font-family: Telex; font-size: 14px;\">Atemtherapeutische Sitzungen bei Alavoix Atemstimmen sind in der Regel <strong>Krankenkassen anerkannt<\/strong> (Zusatzversicherung). Sie ben\u00f6tigen keine \u00e4rztliche \u00dcberweisung. Bitte informieren Sie Ihre Versicherung.<br \/>\nDie Praxis ist schwellenlos mit Lift erreichbar.<br \/>\n<\/span>[\/vc_column_text][vc_single_image image=&#8220;6562&#8243; css=&#8220;.vc_custom_1658393287459{margin-top: 25px !important;}&#8220;][\/vc_column][vc_column width=&#8220;1\/4&#8243;][vc_column_text css=&#8220;.vc_custom_1658407688051{margin-top: 25px !important;}&#8220;]\n<p style=\"text-align: center;\"><span style=\"font-size: 14px;\"><em><span style=\"font-family: Telex;\"><br \/>\nA<br \/>\nAtem<br \/>\nOdem<br \/>\nRuach<br \/>\nO<br \/>\nLebenshauch * Pneuma<br \/>\nWeite * Raum<br \/>\nPuste * Schnauf<br \/>\nPrana *Qi * Ki * Lung<br \/>\nLuft * Erleichterung<br \/>\nLebenskraft * \u00e4therisches Feuer<br \/>\nRettung * Seele<br \/>\nGeist * Lebensgeist<br \/>\nHeiliger Geist * Gottesgeist<br \/>\nM<br \/>\nM<\/span><\/em><\/span><br \/>\n<span style=\"font-family: Telex; font-size: 12px;\">Regina Steck<\/span><\/p>\n[\/vc_column_text][\/vc_column][\/vc_row][vc_row][vc_column width=&#8220;1\/6&#8243;][vc_icon icon_fontawesome=&#8220;far fa-arrow-alt-circle-left&#8220; color=&#8220;custom&#8220; background_style=&#8220;rounded&#8220; background_color=&#8220;custom&#8220; size=&#8220;xs&#8220; css_animation=&#8220;none&#8220; css=&#8220;&#8220; custom_color=&#8220;#ffffff&#8220; link=&#8220;url:https%3A%2F%2Falavoix.com%2Fwp01%2Fangebot_home%2F|title:Andere%20Angebote&#8220; custom_background_color=&#8220;#025ece&#8220;][\/vc_column][vc_column width=&#8220;1\/6&#8243;][vc_icon icon_fontawesome=&#8220;far fa-arrow-alt-circle-left&#8220; color=&#8220;custom&#8220; background_style=&#8220;rounded&#8220; background_color=&#8220;custom&#8220; size=&#8220;xs&#8220; css_animation=&#8220;none&#8220; custom_color=&#8220;#ffffff&#8220; link=&#8220;url:https%3A%2F%2Falavoix.com%2Fwp01%2Fgsp_home%2F|title:Zur%C3%BCck%20zu%20Gesangs-%20und%20Sprechp%C3%A4dagogik&#8220; custom_background_color=&#8220;#f48bb0&#8243;][\/vc_column][vc_column width=&#8220;1\/6&#8243;][vc_icon icon_fontawesome=&#8220;far fa-arrow-alt-circle-left&#8220; color=&#8220;custom&#8220; background_style=&#8220;rounded&#8220; background_color=&#8220;custom&#8220; size=&#8220;xs&#8220; css_animation=&#8220;none&#8220; css=&#8220;&#8220; custom_color=&#8220;#ffffff&#8220; link=&#8220;url:https%3A%2F%2Falavoix.com%2Fwp01%2Flebe-in-frieden-alavoix-atemstimmen%2F|title:Zur%C3%BCck%20zu%20spirituelle%20Lebensbegleitung&#8220; custom_background_color=&#8220;#67af70&#8243;][\/vc_column][vc_column width=&#8220;1\/6&#8243;][\/vc_column][vc_column width=&#8220;1\/6&#8243;][\/vc_column][vc_column width=&#8220;1\/6&#8243;][\/vc_column][\/vc_row]\n<\/div>","protected":false},"excerpt":{"rendered":"<p>[vc_row][vc_column width=&#8220;3\/4&#8243;][vc_column_text el_class=&#8220;bulletDiamond&#8220;] Begriffsdefinition Was ist Atemtherapie? Indikationen Welche Symptome werden behandelt? Arbeitsweise Wie wird in der Atemtherapie gearbeitet? Wirkungen Was k\u00f6nnen Sie mit Atemtherapie erreichen? Faszination Atem Gut zu wissen [\/vc_column_text][vc_column_text css=&#8220;.vc_custom_1658477151907{margin-top: 25px !important;}&#8220;]Atemtherapeutische Sitzungen bei Alavoix Atemstimmen sind in der Regel Krankenkassen anerkannt (Zusatzversicherung). Sie ben\u00f6tigen keine \u00e4rztliche \u00dcberweisung. Bitte informieren Sie Ihre&hellip;<\/p>\n","protected":false},"author":1,"featured_media":0,"parent":0,"menu_order":0,"comment_status":"closed","ping_status":"closed","template":"","meta":{"footnotes":""},"class_list":["post-2380","page","type-page","status-publish","hentry","entry","no-media"],"yoast_head":"<!-- This site is optimized with the Yoast SEO Premium plugin v27.3 (Yoast SEO v27.4) - https:\/\/yoast.com\/product\/yoast-seo-premium-wordpress\/ -->\n<title>Atemtherapie bei Alavoix Atemstimmen - Regina Steck<\/title>\n<meta name=\"description\" content=\"Atemtherapie bei Alavoix Atemstimmen: Middendorf &amp; IKP. Definition, Indikation, Arbeitsweise, Wirkung. Krankenkassen anerkannt\" \/>\n<meta name=\"robots\" content=\"index, follow, max-snippet:-1, max-image-preview:large, max-video-preview:-1\" \/>\n<link rel=\"canonical\" href=\"https:\/\/alavoix.com\/wp01\/kat_home\/\" \/>\n<meta property=\"og:locale\" content=\"de_DE\" \/>\n<meta property=\"og:type\" content=\"article\" \/>\n<meta property=\"og:title\" content=\"Atemtherapie Middendorf &amp; IKP\" \/>\n<meta property=\"og:description\" content=\"Atemtherapie bei Alavoix Atemstimmen: Middendorf &amp; IKP. Definition, Indikation, Arbeitsweise, Wirkung. Krankenkassen anerkannt\" \/>\n<meta property=\"og:url\" content=\"https:\/\/alavoix.com\/wp01\/kat_home\/\" \/>\n<meta property=\"og:site_name\" content=\"Atemtherapie Alavoix Atemstimmen\" \/>\n<meta property=\"article:publisher\" content=\"https:\/\/www.facebook.com\/Alavoix-atemstimmen-398439013575296\/\" \/>\n<meta property=\"article:modified_time\" content=\"2024-08-15T12:18:24+00:00\" \/>\n<meta name=\"twitter:card\" content=\"summary_large_image\" \/>\n<meta name=\"twitter:label1\" content=\"Gesch\u00e4tzte Lesezeit\" \/>\n\t<meta name=\"twitter:data1\" content=\"1\u00a0Minute\" \/>\n<script type=\"application\/ld+json\" class=\"yoast-schema-graph\">{\"@context\":\"https:\\\/\\\/schema.org\",\"@graph\":[{\"@type\":\"WebPage\",\"@id\":\"https:\\\/\\\/alavoix.com\\\/wp01\\\/kat_home\\\/\",\"url\":\"https:\\\/\\\/alavoix.com\\\/wp01\\\/kat_home\\\/\",\"name\":\"Atemtherapie bei Alavoix Atemstimmen - Regina Steck\",\"isPartOf\":{\"@id\":\"https:\\\/\\\/alavoix.com\\\/wp01\\\/#website\"},\"datePublished\":\"2017-05-28T11:16:22+00:00\",\"dateModified\":\"2024-08-15T12:18:24+00:00\",\"description\":\"Atemtherapie bei Alavoix Atemstimmen: Middendorf & IKP. Definition, Indikation, Arbeitsweise, Wirkung. Krankenkassen anerkannt\",\"breadcrumb\":{\"@id\":\"https:\\\/\\\/alavoix.com\\\/wp01\\\/kat_home\\\/#breadcrumb\"},\"inLanguage\":\"de\",\"potentialAction\":[{\"@type\":\"ReadAction\",\"target\":[\"https:\\\/\\\/alavoix.com\\\/wp01\\\/kat_home\\\/\"]}]},{\"@type\":\"BreadcrumbList\",\"@id\":\"https:\\\/\\\/alavoix.com\\\/wp01\\\/kat_home\\\/#breadcrumb\",\"itemListElement\":[{\"@type\":\"ListItem\",\"position\":1,\"name\":\"Startseite\",\"item\":\"https:\\\/\\\/alavoix.com\\\/wp01\\\/\"},{\"@type\":\"ListItem\",\"position\":2,\"name\":\"Atemtherapie Middendorf &#038; IKP\"}]},{\"@type\":\"WebSite\",\"@id\":\"https:\\\/\\\/alavoix.com\\\/wp01\\\/#website\",\"url\":\"https:\\\/\\\/alavoix.com\\\/wp01\\\/\",\"name\":\"Atemtherapie Alavoix Atemstimmen\",\"description\":\"Atemtherapie &amp; Gesangsstunden\",\"publisher\":{\"@id\":\"https:\\\/\\\/alavoix.com\\\/wp01\\\/#organization\"},\"potentialAction\":[{\"@type\":\"SearchAction\",\"target\":{\"@type\":\"EntryPoint\",\"urlTemplate\":\"https:\\\/\\\/alavoix.com\\\/wp01\\\/?s={search_term_string}\"},\"query-input\":{\"@type\":\"PropertyValueSpecification\",\"valueRequired\":true,\"valueName\":\"search_term_string\"}}],\"inLanguage\":\"de\"},{\"@type\":\"Organization\",\"@id\":\"https:\\\/\\\/alavoix.com\\\/wp01\\\/#organization\",\"name\":\"alavoix atemstimmen\",\"url\":\"https:\\\/\\\/alavoix.com\\\/wp01\\\/\",\"logo\":{\"@type\":\"ImageObject\",\"inLanguage\":\"de\",\"@id\":\"https:\\\/\\\/alavoix.com\\\/wp01\\\/#\\\/schema\\\/logo\\\/image\\\/\",\"url\":\"https:\\\/\\\/alavoix.com\\\/wp01\\\/wp-content\\\/uploads\\\/Logo_alavoix_atemstimmen_Pantone_Block.svg\",\"contentUrl\":\"https:\\\/\\\/alavoix.com\\\/wp01\\\/wp-content\\\/uploads\\\/Logo_alavoix_atemstimmen_Pantone_Block.svg\",\"width\":1,\"height\":1,\"caption\":\"alavoix atemstimmen\"},\"image\":{\"@id\":\"https:\\\/\\\/alavoix.com\\\/wp01\\\/#\\\/schema\\\/logo\\\/image\\\/\"},\"sameAs\":[\"https:\\\/\\\/www.facebook.com\\\/Alavoix-atemstimmen-398439013575296\\\/\"]}]}<\/script>\n<!-- \/ Yoast SEO Premium plugin. -->","yoast_head_json":{"title":"Atemtherapie bei Alavoix Atemstimmen - Regina Steck","description":"Atemtherapie bei Alavoix Atemstimmen: Middendorf & IKP. Definition, Indikation, Arbeitsweise, Wirkung. Krankenkassen anerkannt","robots":{"index":"index","follow":"follow","max-snippet":"max-snippet:-1","max-image-preview":"max-image-preview:large","max-video-preview":"max-video-preview:-1"},"canonical":"https:\/\/alavoix.com\/wp01\/kat_home\/","og_locale":"de_DE","og_type":"article","og_title":"Atemtherapie Middendorf & IKP","og_description":"Atemtherapie bei Alavoix Atemstimmen: Middendorf & IKP. Definition, Indikation, Arbeitsweise, Wirkung. Krankenkassen anerkannt","og_url":"https:\/\/alavoix.com\/wp01\/kat_home\/","og_site_name":"Atemtherapie Alavoix Atemstimmen","article_publisher":"https:\/\/www.facebook.com\/Alavoix-atemstimmen-398439013575296\/","article_modified_time":"2024-08-15T12:18:24+00:00","twitter_card":"summary_large_image","twitter_misc":{"Gesch\u00e4tzte Lesezeit":"1\u00a0Minute"},"schema":{"@context":"https:\/\/schema.org","@graph":[{"@type":"WebPage","@id":"https:\/\/alavoix.com\/wp01\/kat_home\/","url":"https:\/\/alavoix.com\/wp01\/kat_home\/","name":"Atemtherapie bei Alavoix Atemstimmen - Regina Steck","isPartOf":{"@id":"https:\/\/alavoix.com\/wp01\/#website"},"datePublished":"2017-05-28T11:16:22+00:00","dateModified":"2024-08-15T12:18:24+00:00","description":"Atemtherapie bei Alavoix Atemstimmen: Middendorf & IKP. Definition, Indikation, Arbeitsweise, Wirkung. Krankenkassen anerkannt","breadcrumb":{"@id":"https:\/\/alavoix.com\/wp01\/kat_home\/#breadcrumb"},"inLanguage":"de","potentialAction":[{"@type":"ReadAction","target":["https:\/\/alavoix.com\/wp01\/kat_home\/"]}]},{"@type":"BreadcrumbList","@id":"https:\/\/alavoix.com\/wp01\/kat_home\/#breadcrumb","itemListElement":[{"@type":"ListItem","position":1,"name":"Startseite","item":"https:\/\/alavoix.com\/wp01\/"},{"@type":"ListItem","position":2,"name":"Atemtherapie Middendorf &#038; IKP"}]},{"@type":"WebSite","@id":"https:\/\/alavoix.com\/wp01\/#website","url":"https:\/\/alavoix.com\/wp01\/","name":"Atemtherapie Alavoix Atemstimmen","description":"Atemtherapie &amp; Gesangsstunden","publisher":{"@id":"https:\/\/alavoix.com\/wp01\/#organization"},"potentialAction":[{"@type":"SearchAction","target":{"@type":"EntryPoint","urlTemplate":"https:\/\/alavoix.com\/wp01\/?s={search_term_string}"},"query-input":{"@type":"PropertyValueSpecification","valueRequired":true,"valueName":"search_term_string"}}],"inLanguage":"de"},{"@type":"Organization","@id":"https:\/\/alavoix.com\/wp01\/#organization","name":"alavoix atemstimmen","url":"https:\/\/alavoix.com\/wp01\/","logo":{"@type":"ImageObject","inLanguage":"de","@id":"https:\/\/alavoix.com\/wp01\/#\/schema\/logo\/image\/","url":"https:\/\/alavoix.com\/wp01\/wp-content\/uploads\/Logo_alavoix_atemstimmen_Pantone_Block.svg","contentUrl":"https:\/\/alavoix.com\/wp01\/wp-content\/uploads\/Logo_alavoix_atemstimmen_Pantone_Block.svg","width":1,"height":1,"caption":"alavoix atemstimmen"},"image":{"@id":"https:\/\/alavoix.com\/wp01\/#\/schema\/logo\/image\/"},"sameAs":["https:\/\/www.facebook.com\/Alavoix-atemstimmen-398439013575296\/"]}]}},"_links":{"self":[{"href":"https:\/\/alavoix.com\/wp01\/wp-json\/wp\/v2\/pages\/2380","targetHints":{"allow":["GET"]}}],"collection":[{"href":"https:\/\/alavoix.com\/wp01\/wp-json\/wp\/v2\/pages"}],"about":[{"href":"https:\/\/alavoix.com\/wp01\/wp-json\/wp\/v2\/types\/page"}],"author":[{"embeddable":true,"href":"https:\/\/alavoix.com\/wp01\/wp-json\/wp\/v2\/users\/1"}],"replies":[{"embeddable":true,"href":"https:\/\/alavoix.com\/wp01\/wp-json\/wp\/v2\/comments?post=2380"}],"version-history":[{"count":116,"href":"https:\/\/alavoix.com\/wp01\/wp-json\/wp\/v2\/pages\/2380\/revisions"}],"predecessor-version":[{"id":6441,"href":"https:\/\/alavoix.com\/wp01\/wp-json\/wp\/v2\/pages\/2380\/revisions\/6441"}],"wp:attachment":[{"href":"https:\/\/alavoix.com\/wp01\/wp-json\/wp\/v2\/media?parent=2380"}],"curies":[{"name":"wp","href":"https:\/\/api.w.org\/{rel}","templated":true}]}}