{"id":2446,"date":"2017-05-28T13:03:40","date_gmt":"2017-05-28T12:03:40","guid":{"rendered":"http:\/\/atemstimmen.ch\/wp01\/?page_id=2446"},"modified":"2024-05-31T08:38:43","modified_gmt":"2024-05-31T07:38:43","slug":"kat_wirkungen","status":"publish","type":"page","link":"https:\/\/alavoix.com\/wp01\/kat_wirkungen\/","title":{"rendered":"Atemtherapie Wirkungen"},"content":{"rendered":"<div class=\"wpb-content-wrapper\">[vc_row][vc_column width=&#8220;3\/4&#8243; el_class=&#8220;bulletCheckmark&#8220;][vc_column_text css=&#8220;.vc_custom_1658491311889{margin-bottom: 25px !important;margin-left: 30px !important;}&#8220;]<span style=\"font-size: 14px;\"><em><span style=\"font-family: Telex;\">Mein Atem. Dank Dir<\/span><\/em><\/span><br \/>\n<span style=\"font-size: 14px;\"><em><span style=\"font-family: Telex;\">bin Teil vom Grossen und Ganzen,<\/span><\/em><\/span><br \/>\n<span style=\"font-size: 14px;\"><em><span style=\"font-family: Telex;\">auch mit mir allein.<\/span><\/em><\/span><br \/>\n<span style=\"font-family: Telex; font-size: 12px;\">Regina Steck<\/span>[\/vc_column_text][vc_column_text el_class=&#8220;bulletDiamond&#8220;]<span style=\"font-family: Telex; font-size: 14px;\">Stimmen Sie Ihren Atem und steigern Sie dabei ganzheitlich ihre Lebensqualit\u00e4t:<\/span><\/p>\n<ul>\n<li><span style=\"font-size: 14px; font-family: Telex;\">Nachhaltig-ganzheitliche Erfassung und Behandlung von Beschwerden<\/span><\/li>\n<li><span style=\"font-size: 14px; font-family: Telex;\">St\u00e4rkung des Genesungsprozesses, Resilienz und verbesserter Umgang mit Beschwerden<\/span><\/li>\n<li><span style=\"font-size: 14px; font-family: Telex;\">Ein flexibles Zwerchfell massiert die Rumpforgane. Durch die angeregte Durchblutung k\u00f6nnen die Organe effizienter arbeiten: Versorgung und Entschlackung wird verbessert<\/span><\/li>\n<li><span style=\"font-size: 14px; font-family: Telex;\">Die Atembewegung l\u00f6st \u00fcber feinste Druckwellen Gelenke und Muskeln. Die Durchl\u00e4ssigkeit von Gef\u00e4ssen wird gesteigert<br \/>\n<\/span><\/li>\n<li><span style=\"font-size: 14px; font-family: Telex;\">Blutdruck, Blutgase und der pH-Wert werden positiv beeinflusst<\/span><\/li>\n<li><span style=\"font-size: 14px; font-family: Telex;\">Atem richtet auf und schenkt beweglichen Halt. Atem verbessert die K\u00f6rperhaltung<\/span><\/li>\n<li><span style=\"font-size: 14px; font-family: Telex;\">Stabilit\u00e4t, Erdung, Koordination und Kraft<\/span><\/li>\n<li><span style=\"font-size: 14px; font-family: Telex;\">Flexibilit\u00e4t und Gleichgewicht<\/span><\/li>\n<li><span style=\"font-size: 14px; font-family: Telex;\">Innere Ruhe und Gelassenheit, Harmonisierung, Balance<\/span><\/li>\n<li><span style=\"font-size: 14px; font-family: Telex;\">Neue Sicht- und Handlungsweisen<\/span><\/li>\n<li><span style=\"font-size: 14px; font-family: Telex;\">Konzentrationsf\u00e4higkeit und geistige Klarheit<\/span><\/li>\n<li><span style=\"font-size: 14px; font-family: Telex;\">Entscheidungs- und Handlungsf\u00e4higkeit<\/span><\/li>\n<li><span style=\"font-size: 14px; font-family: Telex;\">Selbstbewusstsein und -vertrauen: Authentizit\u00e4t und Ehrlichkeit<\/span><\/li>\n<li><span style=\"font-size: 14px; font-family: Telex;\">Ressourcen erkennen und n\u00fctzen<\/span><\/li>\n<li><span style=\"font-size: 14px; font-family: Telex;\">Akzeptanz fremder und erkennen, erweitern oder halten der eigenen Grenzen<\/span><\/li>\n<li><span style=\"font-size: 14px; font-family: Telex;\">Das richtige Mass halten<\/span><\/li>\n<li><span style=\"font-size: 14px; font-family: Telex;\">Harmonisierung der Beziehung zu sich selbst (Daseinsberechtigung) und Verbesserung der Beziehungsf\u00e4higkeit nach aussen<\/span><\/li>\n<li><span style=\"font-size: 14px; font-family: Telex;\">Zugeh\u00f6rigkeit zum grossen Ganzen: Wider die Einsamkeit<\/span><\/li>\n<li><span style=\"font-size: 14px; font-family: Telex;\">Gesteigertes positives Selbsterleben, Freisetzung von Lebenskraft und Lebensfreude. Steigerung der Herzqualit\u00e4t<\/span><\/li>\n<li><span style=\"font-size: 14px; font-family: Telex;\">Herausbildung und Festigung der Pers\u00f6nlichkeit: Verbesserung des Auftretens, der Stimme, der Ausstrahlung und des Selbstausdrucks<\/span><\/li>\n<\/ul>\n[\/vc_column_text][\/vc_column][vc_column width=&#8220;1\/4&#8243;][vc_icon icon_fontawesome=&#8220;far fa-arrow-alt-circle-left&#8220; color=&#8220;white&#8220; background_style=&#8220;rounded&#8220; background_color=&#8220;custom&#8220; size=&#8220;xs&#8220; css_animation=&#8220;none&#8220; link=&#8220;url:https%3A%2F%2Falavoix.com%2Fwp01%2Fkat_home%2F|title:Zur%C3%BCck%20zur%20Hauptseite%20Atemtherapie|rel:nofollow&#8220; custom_background_color=&#8220;#c6e569&#8243;][vc_single_image image=&#8220;5882&#8243;][vc_column_text css=&#8220;.vc_custom_1658491950001{margin-top: 20px !important;margin-bottom: 20px !important;}&#8220;]<span style=\"font-family: Telex; font-size: 14px;\">Innere und \u00e4ussere Grenzen erweitern<\/span>[\/vc_column_text][vc_single_image image=&#8220;2356&#8243;][\/vc_column][\/vc_row][vc_row][vc_column][vc_icon icon_fontawesome=&#8220;far fa-arrow-alt-circle-left&#8220; color=&#8220;white&#8220; background_style=&#8220;rounded&#8220; background_color=&#8220;custom&#8220; size=&#8220;xs&#8220; css_animation=&#8220;none&#8220; link=&#8220;url:https%3A%2F%2Falavoix.com%2Fwp01%2Fkat_home%2F|title:Zur%C3%BCck%20zur%20Hauptseite%20Atemtherapie|rel:nofollow&#8220; custom_background_color=&#8220;#c6e569&#8243;][\/vc_column][\/vc_row][vc_row][vc_column][vc_column_text][\/vc_column_text][\/vc_column][\/vc_row][vc_row][vc_column][vc_column_text]\n[\/vc_column_text][\/vc_column][\/vc_row][vc_row][vc_column][\/vc_column][\/vc_row]\n<\/div>","protected":false},"excerpt":{"rendered":"<p>[vc_row][vc_column width=&#8220;3\/4&#8243; el_class=&#8220;bulletCheckmark&#8220;][vc_column_text css=&#8220;.vc_custom_1658491311889{margin-bottom: 25px !important;margin-left: 30px !important;}&#8220;]Mein Atem. Dank Dir bin Teil vom Grossen und Ganzen, auch mit mir allein. Regina Steck[\/vc_column_text][vc_column_text el_class=&#8220;bulletDiamond&#8220;]Stimmen Sie Ihren Atem und steigern Sie dabei ganzheitlich ihre Lebensqualit\u00e4t: Nachhaltig-ganzheitliche Erfassung und Behandlung von Beschwerden St\u00e4rkung des Genesungsprozesses, Resilienz und verbesserter Umgang mit Beschwerden Ein flexibles Zwerchfell massiert die Rumpforgane.&hellip;<\/p>\n","protected":false},"author":1,"featured_media":0,"parent":0,"menu_order":0,"comment_status":"closed","ping_status":"closed","template":"","meta":{"footnotes":""},"class_list":["post-2446","page","type-page","status-publish","hentry","entry","no-media"],"yoast_head":"<!-- This site is optimized with the Yoast SEO Premium plugin v27.3 (Yoast SEO v27.4) - https:\/\/yoast.com\/product\/yoast-seo-premium-wordpress\/ -->\n<title>Atemtherapie Wirkungen - Alavoix Atemstimmen Regina Steck<\/title>\n<meta name=\"description\" content=\"Vertiefte Atmung, durchblutend, harmonisierend, l\u00f6send, aufhellend, st\u00e4rkend, sammelnd, stabilisierend, beruhigend, aufbauend, kl\u00e4rend\" \/>\n<meta name=\"robots\" content=\"index, follow, max-snippet:-1, max-image-preview:large, max-video-preview:-1\" \/>\n<link rel=\"canonical\" href=\"https:\/\/alavoix.com\/wp01\/kat_wirkungen\/\" \/>\n<meta property=\"og:locale\" content=\"de_DE\" \/>\n<meta property=\"og:type\" content=\"article\" \/>\n<meta property=\"og:title\" content=\"Atemtherapie Wirkungen\" \/>\n<meta property=\"og:description\" content=\"Vertiefte Atmung, durchblutend, harmonisierend, l\u00f6send, aufhellend, st\u00e4rkend, sammelnd, stabilisierend, beruhigend, aufbauend, kl\u00e4rend\" \/>\n<meta property=\"og:url\" content=\"https:\/\/alavoix.com\/wp01\/kat_wirkungen\/\" \/>\n<meta property=\"og:site_name\" content=\"Atemtherapie Alavoix Atemstimmen\" \/>\n<meta property=\"article:publisher\" content=\"https:\/\/www.facebook.com\/Alavoix-atemstimmen-398439013575296\/\" \/>\n<meta property=\"article:modified_time\" content=\"2024-05-31T07:38:43+00:00\" \/>\n<meta name=\"twitter:card\" content=\"summary_large_image\" \/>\n<meta name=\"twitter:label1\" content=\"Gesch\u00e4tzte Lesezeit\" \/>\n\t<meta name=\"twitter:data1\" content=\"2\u00a0Minuten\" \/>\n<script type=\"application\/ld+json\" class=\"yoast-schema-graph\">{\"@context\":\"https:\\\/\\\/schema.org\",\"@graph\":[{\"@type\":\"WebPage\",\"@id\":\"https:\\\/\\\/alavoix.com\\\/wp01\\\/kat_wirkungen\\\/\",\"url\":\"https:\\\/\\\/alavoix.com\\\/wp01\\\/kat_wirkungen\\\/\",\"name\":\"Atemtherapie Wirkungen - Alavoix Atemstimmen Regina Steck\",\"isPartOf\":{\"@id\":\"https:\\\/\\\/alavoix.com\\\/wp01\\\/#website\"},\"datePublished\":\"2017-05-28T12:03:40+00:00\",\"dateModified\":\"2024-05-31T07:38:43+00:00\",\"description\":\"Vertiefte Atmung, durchblutend, harmonisierend, l\u00f6send, aufhellend, st\u00e4rkend, sammelnd, stabilisierend, beruhigend, aufbauend, kl\u00e4rend\",\"breadcrumb\":{\"@id\":\"https:\\\/\\\/alavoix.com\\\/wp01\\\/kat_wirkungen\\\/#breadcrumb\"},\"inLanguage\":\"de\",\"potentialAction\":[{\"@type\":\"ReadAction\",\"target\":[\"https:\\\/\\\/alavoix.com\\\/wp01\\\/kat_wirkungen\\\/\"]}]},{\"@type\":\"BreadcrumbList\",\"@id\":\"https:\\\/\\\/alavoix.com\\\/wp01\\\/kat_wirkungen\\\/#breadcrumb\",\"itemListElement\":[{\"@type\":\"ListItem\",\"position\":1,\"name\":\"Startseite\",\"item\":\"https:\\\/\\\/alavoix.com\\\/wp01\\\/\"},{\"@type\":\"ListItem\",\"position\":2,\"name\":\"Atemtherapie Wirkungen\"}]},{\"@type\":\"WebSite\",\"@id\":\"https:\\\/\\\/alavoix.com\\\/wp01\\\/#website\",\"url\":\"https:\\\/\\\/alavoix.com\\\/wp01\\\/\",\"name\":\"Atemtherapie Alavoix Atemstimmen\",\"description\":\"Atemtherapie &amp; Gesangsstunden\",\"publisher\":{\"@id\":\"https:\\\/\\\/alavoix.com\\\/wp01\\\/#organization\"},\"potentialAction\":[{\"@type\":\"SearchAction\",\"target\":{\"@type\":\"EntryPoint\",\"urlTemplate\":\"https:\\\/\\\/alavoix.com\\\/wp01\\\/?s={search_term_string}\"},\"query-input\":{\"@type\":\"PropertyValueSpecification\",\"valueRequired\":true,\"valueName\":\"search_term_string\"}}],\"inLanguage\":\"de\"},{\"@type\":\"Organization\",\"@id\":\"https:\\\/\\\/alavoix.com\\\/wp01\\\/#organization\",\"name\":\"alavoix atemstimmen\",\"url\":\"https:\\\/\\\/alavoix.com\\\/wp01\\\/\",\"logo\":{\"@type\":\"ImageObject\",\"inLanguage\":\"de\",\"@id\":\"https:\\\/\\\/alavoix.com\\\/wp01\\\/#\\\/schema\\\/logo\\\/image\\\/\",\"url\":\"https:\\\/\\\/alavoix.com\\\/wp01\\\/wp-content\\\/uploads\\\/Logo_alavoix_atemstimmen_Pantone_Block.svg\",\"contentUrl\":\"https:\\\/\\\/alavoix.com\\\/wp01\\\/wp-content\\\/uploads\\\/Logo_alavoix_atemstimmen_Pantone_Block.svg\",\"width\":1,\"height\":1,\"caption\":\"alavoix atemstimmen\"},\"image\":{\"@id\":\"https:\\\/\\\/alavoix.com\\\/wp01\\\/#\\\/schema\\\/logo\\\/image\\\/\"},\"sameAs\":[\"https:\\\/\\\/www.facebook.com\\\/Alavoix-atemstimmen-398439013575296\\\/\"]}]}<\/script>\n<!-- \/ Yoast SEO Premium plugin. -->","yoast_head_json":{"title":"Atemtherapie Wirkungen - Alavoix Atemstimmen Regina Steck","description":"Vertiefte Atmung, durchblutend, harmonisierend, l\u00f6send, aufhellend, st\u00e4rkend, sammelnd, stabilisierend, beruhigend, aufbauend, kl\u00e4rend","robots":{"index":"index","follow":"follow","max-snippet":"max-snippet:-1","max-image-preview":"max-image-preview:large","max-video-preview":"max-video-preview:-1"},"canonical":"https:\/\/alavoix.com\/wp01\/kat_wirkungen\/","og_locale":"de_DE","og_type":"article","og_title":"Atemtherapie Wirkungen","og_description":"Vertiefte Atmung, durchblutend, harmonisierend, l\u00f6send, aufhellend, st\u00e4rkend, sammelnd, stabilisierend, beruhigend, aufbauend, kl\u00e4rend","og_url":"https:\/\/alavoix.com\/wp01\/kat_wirkungen\/","og_site_name":"Atemtherapie Alavoix Atemstimmen","article_publisher":"https:\/\/www.facebook.com\/Alavoix-atemstimmen-398439013575296\/","article_modified_time":"2024-05-31T07:38:43+00:00","twitter_card":"summary_large_image","twitter_misc":{"Gesch\u00e4tzte Lesezeit":"2\u00a0Minuten"},"schema":{"@context":"https:\/\/schema.org","@graph":[{"@type":"WebPage","@id":"https:\/\/alavoix.com\/wp01\/kat_wirkungen\/","url":"https:\/\/alavoix.com\/wp01\/kat_wirkungen\/","name":"Atemtherapie Wirkungen - Alavoix Atemstimmen Regina Steck","isPartOf":{"@id":"https:\/\/alavoix.com\/wp01\/#website"},"datePublished":"2017-05-28T12:03:40+00:00","dateModified":"2024-05-31T07:38:43+00:00","description":"Vertiefte Atmung, durchblutend, harmonisierend, l\u00f6send, aufhellend, st\u00e4rkend, sammelnd, stabilisierend, beruhigend, aufbauend, kl\u00e4rend","breadcrumb":{"@id":"https:\/\/alavoix.com\/wp01\/kat_wirkungen\/#breadcrumb"},"inLanguage":"de","potentialAction":[{"@type":"ReadAction","target":["https:\/\/alavoix.com\/wp01\/kat_wirkungen\/"]}]},{"@type":"BreadcrumbList","@id":"https:\/\/alavoix.com\/wp01\/kat_wirkungen\/#breadcrumb","itemListElement":[{"@type":"ListItem","position":1,"name":"Startseite","item":"https:\/\/alavoix.com\/wp01\/"},{"@type":"ListItem","position":2,"name":"Atemtherapie Wirkungen"}]},{"@type":"WebSite","@id":"https:\/\/alavoix.com\/wp01\/#website","url":"https:\/\/alavoix.com\/wp01\/","name":"Atemtherapie Alavoix Atemstimmen","description":"Atemtherapie &amp; Gesangsstunden","publisher":{"@id":"https:\/\/alavoix.com\/wp01\/#organization"},"potentialAction":[{"@type":"SearchAction","target":{"@type":"EntryPoint","urlTemplate":"https:\/\/alavoix.com\/wp01\/?s={search_term_string}"},"query-input":{"@type":"PropertyValueSpecification","valueRequired":true,"valueName":"search_term_string"}}],"inLanguage":"de"},{"@type":"Organization","@id":"https:\/\/alavoix.com\/wp01\/#organization","name":"alavoix atemstimmen","url":"https:\/\/alavoix.com\/wp01\/","logo":{"@type":"ImageObject","inLanguage":"de","@id":"https:\/\/alavoix.com\/wp01\/#\/schema\/logo\/image\/","url":"https:\/\/alavoix.com\/wp01\/wp-content\/uploads\/Logo_alavoix_atemstimmen_Pantone_Block.svg","contentUrl":"https:\/\/alavoix.com\/wp01\/wp-content\/uploads\/Logo_alavoix_atemstimmen_Pantone_Block.svg","width":1,"height":1,"caption":"alavoix atemstimmen"},"image":{"@id":"https:\/\/alavoix.com\/wp01\/#\/schema\/logo\/image\/"},"sameAs":["https:\/\/www.facebook.com\/Alavoix-atemstimmen-398439013575296\/"]}]}},"_links":{"self":[{"href":"https:\/\/alavoix.com\/wp01\/wp-json\/wp\/v2\/pages\/2446","targetHints":{"allow":["GET"]}}],"collection":[{"href":"https:\/\/alavoix.com\/wp01\/wp-json\/wp\/v2\/pages"}],"about":[{"href":"https:\/\/alavoix.com\/wp01\/wp-json\/wp\/v2\/types\/page"}],"author":[{"embeddable":true,"href":"https:\/\/alavoix.com\/wp01\/wp-json\/wp\/v2\/users\/1"}],"replies":[{"embeddable":true,"href":"https:\/\/alavoix.com\/wp01\/wp-json\/wp\/v2\/comments?post=2446"}],"version-history":[{"count":60,"href":"https:\/\/alavoix.com\/wp01\/wp-json\/wp\/v2\/pages\/2446\/revisions"}],"predecessor-version":[{"id":7133,"href":"https:\/\/alavoix.com\/wp01\/wp-json\/wp\/v2\/pages\/2446\/revisions\/7133"}],"wp:attachment":[{"href":"https:\/\/alavoix.com\/wp01\/wp-json\/wp\/v2\/media?parent=2446"}],"curies":[{"name":"wp","href":"https:\/\/api.w.org\/{rel}","templated":true}]}}