{"id":2461,"date":"2017-05-28T13:11:03","date_gmt":"2017-05-28T12:11:03","guid":{"rendered":"http:\/\/atemstimmen.ch\/wp01\/?page_id=2461"},"modified":"2022-07-23T14:56:12","modified_gmt":"2022-07-23T13:56:12","slug":"kat_faszination-atem","status":"publish","type":"page","link":"https:\/\/alavoix.com\/wp01\/kat_faszination-atem\/","title":{"rendered":"Faszination Atem"},"content":{"rendered":"<div class=\"wpb-content-wrapper\">[vc_row][vc_column width=&#8220;3\/4&#8243;][vc_column_text css=&#8220;.vc_custom_1658492529524{margin-top: 20px !important;margin-left: 30px !important;}&#8220;]<span style=\"font-size: 14px;\"><em><span style=\"font-family: Telex;\">So Du zerstreut bist,<\/span><\/em><\/span><br \/>\n<span style=\"font-size: 14px;\"><em><span style=\"font-family: Telex;\">lerne auf den Atem zu achten<\/span><\/em><\/span><br \/>\n<span style=\"font-family: Telex; font-size: 12px;\">Buddha<\/span>[\/vc_column_text][vc_column_text css=&#8220;.vc_custom_1658492690829{margin-top: 40px !important;}&#8220;]<span style=\"font-size: 14px; font-family: 'Telex', serif;\">Hat es Ihnen \u00abden Atem verschlagen\u00bb oder brauchen Sie \u00abeinen langen Atem\u00bb? M\u00f6chten Sie \u00abAufatmen\u00bb oder \u00abDurchatmen\u00bb, aber es herrscht \u00abdicke Luft\u00bb? Werden Sie \u00aban der Nase herumgef\u00fchrt\u00bb oder haben Sie \u00abdie Nase voll\u00bb? Eine \u00abgute Nase\u00bb kann Ihnen wieder den richtigen Weg weisen, so dass Sie im Leben die \u00abNase vorn\u00bb haben. Der Volksmund zeigt, wie grundlegend das freie Atmen f\u00fcr das Befinden und die Gesundheit eines Menschen ist.<\/span><\/p>\n<p><span style=\"font-size: 14px; font-family: Telex;\">Ohne Atem ist kein menschlich-irdisches Leben m\u00f6glich. Der Atem begleitet uns vom ersten Einatmen bei der Geburt bis zum letzten Aushauchen beim Sterben. Der Mensch \u00fcberlebt ohne Nahrung ungef\u00e4hr 3 Wochen und ohne Fl\u00fcssigkeit ungef\u00e4hr 3 Tage. Ohne Atem kommt es bereits nach 3 Minuten zu Hirnsch\u00e4digungen und Tod.<\/span><\/p>\n<p><span style=\"font-size: 14px; font-family: Telex;\">Ein erwachsener, gesunder Mensch atmet in Ruhe 12-16x pro Minute.<br \/>\nZwerchfell und Herz leben in Symbiose, d.h. Atem- und Herzprobleme kommen stets zusammen.<br \/>\n<\/span><\/p>\n<p><span style=\"font-size: 14px; font-family: Telex;\">Atempflege ist eine uralte Tradition. \u00dcberlieferungen von Atemheilpraktiken aus verschiedenen alten Hochkulturen beschw\u00f6ren bereits die heilende (und h\u00e4ufig auch die bewusstseinserweiternde) Wirkung des Atems. \u00abAtem\u00bb bedeutet in anderen Sprachen u.a. Seele, Gottesgeist oder Lebenskraft<br \/>\n<\/span>[\/vc_column_text][\/vc_column][vc_column width=&#8220;1\/4&#8243;][vc_single_image image=&#8220;3016&#8243;][vc_column_text css=&#8220;.vc_custom_1658241403359{margin-top: 25px !important;}&#8220;]<span style=\"font-size: 14px;\"><em><span style=\"font-family: Telex;\">Der Geist Gottes hat mich gemacht, und der Odem des Allm\u00e4chtigen hat mir das Leben gegeben.<\/span><\/em><\/span><br \/>\n<span style=\"font-family: Telex; font-size: 12px;\">Hiob 33:4<\/span>[\/vc_column_text][\/vc_column][\/vc_row][vc_row][vc_column][vc_icon icon_fontawesome=&#8220;far fa-arrow-alt-circle-left&#8220; color=&#8220;custom&#8220; background_style=&#8220;rounded&#8220; background_color=&#8220;custom&#8220; size=&#8220;xs&#8220; css_animation=&#8220;none&#8220; link=&#8220;url:https%3A%2F%2Falavoix.com%2Fwp01%2Fkat_home%2F|title:Zur%C3%BCck%20zur%20Hauptseite%20Atemtherapie|rel:nofollow&#8220; custom_color=&#8220;#ffffff&#8220; custom_background_color=&#8220;#e0a58f&#8220;][\/vc_column][\/vc_row]\n<\/div>","protected":false},"excerpt":{"rendered":"<p>[vc_row][vc_column width=&#8220;3\/4&#8243;][vc_column_text css=&#8220;.vc_custom_1658492529524{margin-top: 20px !important;margin-left: 30px !important;}&#8220;]So Du zerstreut bist, lerne auf den Atem zu achten Buddha[\/vc_column_text][vc_column_text css=&#8220;.vc_custom_1658492690829{margin-top: 40px !important;}&#8220;]Hat es Ihnen \u00abden Atem verschlagen\u00bb oder brauchen Sie \u00abeinen langen Atem\u00bb? M\u00f6chten Sie \u00abAufatmen\u00bb oder \u00abDurchatmen\u00bb, aber es herrscht \u00abdicke Luft\u00bb? Werden Sie \u00aban der Nase herumgef\u00fchrt\u00bb oder haben Sie \u00abdie Nase voll\u00bb? Eine \u00abgute&hellip;<\/p>\n","protected":false},"author":1,"featured_media":0,"parent":0,"menu_order":0,"comment_status":"closed","ping_status":"closed","template":"","meta":{"footnotes":""},"class_list":["post-2461","page","type-page","status-publish","hentry","entry","no-media"],"yoast_head":"<!-- This site is optimized with the Yoast SEO Premium plugin v27.3 (Yoast SEO v27.4) - https:\/\/yoast.com\/product\/yoast-seo-premium-wordpress\/ -->\n<title>Faszination Atem - Atemtherapie Alavoix Atemstimmen<\/title>\n<meta name=\"description\" content=\"Atem im Volksmund, Odem, ohne Atem kein menschlich-irdisches Leben, Geburt und Tod, Herz- und Zwerchfell in Symbiose, 12-16x pro Minute\" \/>\n<meta name=\"robots\" content=\"index, follow, max-snippet:-1, max-image-preview:large, max-video-preview:-1\" \/>\n<link rel=\"canonical\" href=\"https:\/\/alavoix.com\/wp01\/kat_faszination-atem\/\" \/>\n<meta property=\"og:locale\" content=\"de_DE\" \/>\n<meta property=\"og:type\" content=\"article\" \/>\n<meta property=\"og:title\" content=\"Faszination Atem\" \/>\n<meta property=\"og:description\" content=\"Atem im Volksmund, Odem, ohne Atem kein menschlich-irdisches Leben, Geburt und Tod, Herz- und Zwerchfell in Symbiose, 12-16x pro Minute\" \/>\n<meta property=\"og:url\" content=\"https:\/\/alavoix.com\/wp01\/kat_faszination-atem\/\" \/>\n<meta property=\"og:site_name\" content=\"Atemtherapie Alavoix Atemstimmen\" \/>\n<meta property=\"article:publisher\" content=\"https:\/\/www.facebook.com\/Alavoix-atemstimmen-398439013575296\/\" \/>\n<meta property=\"article:modified_time\" content=\"2022-07-23T13:56:12+00:00\" \/>\n<meta name=\"twitter:card\" content=\"summary_large_image\" \/>\n<meta name=\"twitter:label1\" content=\"Gesch\u00e4tzte Lesezeit\" \/>\n\t<meta name=\"twitter:data1\" content=\"2\u00a0Minuten\" \/>\n<script type=\"application\/ld+json\" class=\"yoast-schema-graph\">{\"@context\":\"https:\\\/\\\/schema.org\",\"@graph\":[{\"@type\":\"WebPage\",\"@id\":\"https:\\\/\\\/alavoix.com\\\/wp01\\\/kat_faszination-atem\\\/\",\"url\":\"https:\\\/\\\/alavoix.com\\\/wp01\\\/kat_faszination-atem\\\/\",\"name\":\"Faszination Atem - Atemtherapie Alavoix Atemstimmen\",\"isPartOf\":{\"@id\":\"https:\\\/\\\/alavoix.com\\\/wp01\\\/#website\"},\"datePublished\":\"2017-05-28T12:11:03+00:00\",\"dateModified\":\"2022-07-23T13:56:12+00:00\",\"description\":\"Atem im Volksmund, Odem, ohne Atem kein menschlich-irdisches Leben, Geburt und Tod, Herz- und Zwerchfell in Symbiose, 12-16x pro Minute\",\"breadcrumb\":{\"@id\":\"https:\\\/\\\/alavoix.com\\\/wp01\\\/kat_faszination-atem\\\/#breadcrumb\"},\"inLanguage\":\"de\",\"potentialAction\":[{\"@type\":\"ReadAction\",\"target\":[\"https:\\\/\\\/alavoix.com\\\/wp01\\\/kat_faszination-atem\\\/\"]}]},{\"@type\":\"BreadcrumbList\",\"@id\":\"https:\\\/\\\/alavoix.com\\\/wp01\\\/kat_faszination-atem\\\/#breadcrumb\",\"itemListElement\":[{\"@type\":\"ListItem\",\"position\":1,\"name\":\"Startseite\",\"item\":\"https:\\\/\\\/alavoix.com\\\/wp01\\\/\"},{\"@type\":\"ListItem\",\"position\":2,\"name\":\"Faszination Atem\"}]},{\"@type\":\"WebSite\",\"@id\":\"https:\\\/\\\/alavoix.com\\\/wp01\\\/#website\",\"url\":\"https:\\\/\\\/alavoix.com\\\/wp01\\\/\",\"name\":\"Atemtherapie Alavoix Atemstimmen\",\"description\":\"Atemtherapie &amp; Gesangsstunden\",\"publisher\":{\"@id\":\"https:\\\/\\\/alavoix.com\\\/wp01\\\/#organization\"},\"potentialAction\":[{\"@type\":\"SearchAction\",\"target\":{\"@type\":\"EntryPoint\",\"urlTemplate\":\"https:\\\/\\\/alavoix.com\\\/wp01\\\/?s={search_term_string}\"},\"query-input\":{\"@type\":\"PropertyValueSpecification\",\"valueRequired\":true,\"valueName\":\"search_term_string\"}}],\"inLanguage\":\"de\"},{\"@type\":\"Organization\",\"@id\":\"https:\\\/\\\/alavoix.com\\\/wp01\\\/#organization\",\"name\":\"alavoix atemstimmen\",\"url\":\"https:\\\/\\\/alavoix.com\\\/wp01\\\/\",\"logo\":{\"@type\":\"ImageObject\",\"inLanguage\":\"de\",\"@id\":\"https:\\\/\\\/alavoix.com\\\/wp01\\\/#\\\/schema\\\/logo\\\/image\\\/\",\"url\":\"https:\\\/\\\/alavoix.com\\\/wp01\\\/wp-content\\\/uploads\\\/Logo_alavoix_atemstimmen_Pantone_Block.svg\",\"contentUrl\":\"https:\\\/\\\/alavoix.com\\\/wp01\\\/wp-content\\\/uploads\\\/Logo_alavoix_atemstimmen_Pantone_Block.svg\",\"width\":1,\"height\":1,\"caption\":\"alavoix atemstimmen\"},\"image\":{\"@id\":\"https:\\\/\\\/alavoix.com\\\/wp01\\\/#\\\/schema\\\/logo\\\/image\\\/\"},\"sameAs\":[\"https:\\\/\\\/www.facebook.com\\\/Alavoix-atemstimmen-398439013575296\\\/\"]}]}<\/script>\n<!-- \/ Yoast SEO Premium plugin. -->","yoast_head_json":{"title":"Faszination Atem - Atemtherapie Alavoix Atemstimmen","description":"Atem im Volksmund, Odem, ohne Atem kein menschlich-irdisches Leben, Geburt und Tod, Herz- und Zwerchfell in Symbiose, 12-16x pro Minute","robots":{"index":"index","follow":"follow","max-snippet":"max-snippet:-1","max-image-preview":"max-image-preview:large","max-video-preview":"max-video-preview:-1"},"canonical":"https:\/\/alavoix.com\/wp01\/kat_faszination-atem\/","og_locale":"de_DE","og_type":"article","og_title":"Faszination Atem","og_description":"Atem im Volksmund, Odem, ohne Atem kein menschlich-irdisches Leben, Geburt und Tod, Herz- und Zwerchfell in Symbiose, 12-16x pro Minute","og_url":"https:\/\/alavoix.com\/wp01\/kat_faszination-atem\/","og_site_name":"Atemtherapie Alavoix Atemstimmen","article_publisher":"https:\/\/www.facebook.com\/Alavoix-atemstimmen-398439013575296\/","article_modified_time":"2022-07-23T13:56:12+00:00","twitter_card":"summary_large_image","twitter_misc":{"Gesch\u00e4tzte Lesezeit":"2\u00a0Minuten"},"schema":{"@context":"https:\/\/schema.org","@graph":[{"@type":"WebPage","@id":"https:\/\/alavoix.com\/wp01\/kat_faszination-atem\/","url":"https:\/\/alavoix.com\/wp01\/kat_faszination-atem\/","name":"Faszination Atem - Atemtherapie Alavoix Atemstimmen","isPartOf":{"@id":"https:\/\/alavoix.com\/wp01\/#website"},"datePublished":"2017-05-28T12:11:03+00:00","dateModified":"2022-07-23T13:56:12+00:00","description":"Atem im Volksmund, Odem, ohne Atem kein menschlich-irdisches Leben, Geburt und Tod, Herz- und Zwerchfell in Symbiose, 12-16x pro Minute","breadcrumb":{"@id":"https:\/\/alavoix.com\/wp01\/kat_faszination-atem\/#breadcrumb"},"inLanguage":"de","potentialAction":[{"@type":"ReadAction","target":["https:\/\/alavoix.com\/wp01\/kat_faszination-atem\/"]}]},{"@type":"BreadcrumbList","@id":"https:\/\/alavoix.com\/wp01\/kat_faszination-atem\/#breadcrumb","itemListElement":[{"@type":"ListItem","position":1,"name":"Startseite","item":"https:\/\/alavoix.com\/wp01\/"},{"@type":"ListItem","position":2,"name":"Faszination Atem"}]},{"@type":"WebSite","@id":"https:\/\/alavoix.com\/wp01\/#website","url":"https:\/\/alavoix.com\/wp01\/","name":"Atemtherapie Alavoix Atemstimmen","description":"Atemtherapie &amp; Gesangsstunden","publisher":{"@id":"https:\/\/alavoix.com\/wp01\/#organization"},"potentialAction":[{"@type":"SearchAction","target":{"@type":"EntryPoint","urlTemplate":"https:\/\/alavoix.com\/wp01\/?s={search_term_string}"},"query-input":{"@type":"PropertyValueSpecification","valueRequired":true,"valueName":"search_term_string"}}],"inLanguage":"de"},{"@type":"Organization","@id":"https:\/\/alavoix.com\/wp01\/#organization","name":"alavoix atemstimmen","url":"https:\/\/alavoix.com\/wp01\/","logo":{"@type":"ImageObject","inLanguage":"de","@id":"https:\/\/alavoix.com\/wp01\/#\/schema\/logo\/image\/","url":"https:\/\/alavoix.com\/wp01\/wp-content\/uploads\/Logo_alavoix_atemstimmen_Pantone_Block.svg","contentUrl":"https:\/\/alavoix.com\/wp01\/wp-content\/uploads\/Logo_alavoix_atemstimmen_Pantone_Block.svg","width":1,"height":1,"caption":"alavoix atemstimmen"},"image":{"@id":"https:\/\/alavoix.com\/wp01\/#\/schema\/logo\/image\/"},"sameAs":["https:\/\/www.facebook.com\/Alavoix-atemstimmen-398439013575296\/"]}]}},"_links":{"self":[{"href":"https:\/\/alavoix.com\/wp01\/wp-json\/wp\/v2\/pages\/2461","targetHints":{"allow":["GET"]}}],"collection":[{"href":"https:\/\/alavoix.com\/wp01\/wp-json\/wp\/v2\/pages"}],"about":[{"href":"https:\/\/alavoix.com\/wp01\/wp-json\/wp\/v2\/types\/page"}],"author":[{"embeddable":true,"href":"https:\/\/alavoix.com\/wp01\/wp-json\/wp\/v2\/users\/1"}],"replies":[{"embeddable":true,"href":"https:\/\/alavoix.com\/wp01\/wp-json\/wp\/v2\/comments?post=2461"}],"version-history":[{"count":43,"href":"https:\/\/alavoix.com\/wp01\/wp-json\/wp\/v2\/pages\/2461\/revisions"}],"predecessor-version":[{"id":7144,"href":"https:\/\/alavoix.com\/wp01\/wp-json\/wp\/v2\/pages\/2461\/revisions\/7144"}],"wp:attachment":[{"href":"https:\/\/alavoix.com\/wp01\/wp-json\/wp\/v2\/media?parent=2461"}],"curies":[{"name":"wp","href":"https:\/\/api.w.org\/{rel}","templated":true}]}}