{"id":2545,"date":"2017-05-28T14:01:10","date_gmt":"2017-05-28T13:01:10","guid":{"rendered":"http:\/\/atemstimmen.ch\/wp01\/?page_id=2545"},"modified":"2025-12-12T16:25:58","modified_gmt":"2025-12-12T15:25:58","slug":"group_home","status":"publish","type":"page","link":"https:\/\/alavoix.com\/wp01\/group_home\/","title":{"rendered":"Gruppenkurse"},"content":{"rendered":"<div class=\"wpb-content-wrapper\">[vc_row][vc_column width=&#8220;3\/4&#8243; el_class=&#8220;bulletCheckmark&#8220;][vc_column_text css=&#8220;&#8220; el_class=&#8220;bulletDiamond&#8220;]<span style=\"font-size: 14px; font-family: Telex;\">Alle Kurse im Abosystem. Je nach Kurs zwischen 3-6 Einheiten pro Abo.<\/span><\/p>\n<p><span style=\"font-size: 14px; font-family: Telex;\"><span class=\"blueLinkLike\">&#8222;Lebe in Frieden&#8220; in der Gruppe<\/span><\/span><br \/>\n<span style=\"font-size: 14px; font-family: Telex;\">Die Teilnehmer\/innen bringen ein pers\u00f6nliches Thema\/eine pers\u00f6nliche Frage mit und sind bereit, diese vor der Gruppe mit Regina Steck im Dialog zu besprechen. Zu Beginn werden die pers\u00f6nlichen Anliegen kurz zusammengetragen und die Gruppe hat die Wahl.<br \/>\nUnd was soll das bringen? Gemeinsam wachsen wir und lernen voneinander. Es gibt \u00dcbereinstimmungen und Unterschiede, Wahrheiten und Illusionen, die erkannt und gew\u00fcrdigt werden wollen. Die Fragen des anderen er\u00f6ffnen neue Perspektiven f\u00fcr das eigene Leben und helfen, sich selbst und andere besser zu verstehen. Sozialkompetenz und Menschenkenntnis werden gesteigert und der eigene Horizont wird erweitert.<br \/>\nVoraussetzung f\u00fcr die Teilnahme: Einerseits, das Vertrauen und der Mut, etwas Pers\u00f6nliches, etwas das besch\u00e4ftigt oder schwierig ist vor anderen Menschen offenzulegen und darin geh\u00f6rt und gesehen zu werden. Andererseits die Bereitschaft, bezeugend und mit Achtsamkeit zuzuh\u00f6ren in Offenheit, ohne zu Bewerten. Der Entschluss, Akzeptanz und Toleranz, sowie Wertsch\u00e4tzung und Anteilnahme, gegen\u00fcber anderen Teilnehmern walten zu lassen.<br \/>\nDie Gruppen sind in jeder Hinsicht (Alter, Geschlecht, T\u00e4tigkeit etc) bunt gemischt. Den Themen sind keine Grenzen gesetzt. Zwischen allen Anwesenden gilt die Gleichheit. Der Dialog findet stets auf Augenh\u00f6he statt. Das Gesagte, Gesehene, Geh\u00f6rte und Gesp\u00fcrte, Themen und Anliegen, sowie pers\u00f6nliche Informationen \u00fcber Kursteilnehmer\/innen, m\u00fcssen von allen Teilnehmer\/innen mit \u00e4usserster Diskretion behandelt werden k\u00f6nnen.<br \/>\nEine Gruppe (4-6 Personen) trifft sich ca.1x im Monat. Verschiedene Tage und Zeiten sind m\u00f6glich. Melden Sie sich bei Interesse, um zu erfahren, ob Sie in eine Gruppe aufgenommen weden k\u00f6nnen.<br \/>\nWeitere Informationen unter<a href=\"https:\/\/alavoix.com\/wp01\/lebe-in-frieden-alavoix-atemstimmen\/\"> Lebe in Frieden<\/a><\/span><\/p>\n<p><span style=\"font-size: 14px; font-family: Telex;\"><span class=\"blueLinkLike\">Numerologische Beziehungsberatung<\/span><\/span><br \/>\n<span style=\"font-size: 14px; font-family: Telex;\">F\u00fcr Paare und Gemeinschaften.<br \/>\nNumerologische Zusammenh\u00e4nge und spirituelle Unterst\u00fctzung f\u00fcr ein gemeinsames, harmonisches Leben. Themen und Situationen der Beziehungen aussprechen und begreifen lernen, Wahrheiten von Illusionen unterscheiden k\u00f6nnen, h\u00f6ren und geh\u00f6rt werden. Gespr\u00e4che auf Augenh\u00f6he mit unparteiischem, wertsch\u00e4tzendem Beistand: Ausgleich, Entwicklung, L\u00f6sungen, Mit Hilfe von Numerologie sich selbst und das Gegen\u00fcber besser verstehen und f\u00fcr den anderen verst\u00e4ndlich sein. Numerologische Aufstellungen in Abwesenheit der Teilnehmer\/innen werden separat abgerechnet<br \/>\nTreffen nach Bedarf und Vereinbarung.<br \/>\nWeitere Informationen unter<a href=\"https:\/\/alavoix.com\/wp01\/numerologie\/\"> Numerologie<\/a><\/span><\/p>\n<p><span style=\"font-size: 14px; font-family: Telex;\"><span class=\"blueLinkLike\">Atem und Bewegung<\/span><\/span><br \/>\n<span style=\"font-size: 14px; font-family: Telex;\">Atemgruppe<br \/>\nHier k\u00f6nnen Sie Ihre Erfahrungen und Erkenntnisse aus der Atem-Einzeltherapie vertiefen und erweitern und von Erfahrungen anderer profitieren. Sie d\u00fcrfen nat\u00fcrlich auch ohne Einzeltherapie zur Gruppe (4-6 Personen) stossen. Sie brauchen keine Erfahrung, nur Interesse. Eine Gruppe trifft sich 2-4mal im Monat. Melden Sie sich bei Interesse, um zu erfahren, in welcher Gruppe es freie Pl\u00e4tze hat.<br \/>\nWeitere Informationen unter <a href=\"https:\/\/alavoix.com\/wp01\/kat_home\/\">Atemtherapie<\/a><\/span><\/p>\n<p><span style=\"font-size: 14px; font-family: Telex;\"><span class=\"blueLinkLike\">Supervision<\/span><\/span><br \/>\n<span style=\"font-size: 14px; font-family: Telex;\">F\u00fcr Komplement\u00e4rtherapeuten und andere Menschen, die mit Menschen arbeiten<br \/>\nEine Gruppe bildet sich im Schnitt 1 mal alle zwei Monate. Verschiedene Tage und Zeiten. Melden Sie sich bei Interesse, um zu erfahren, in welcher Gruppe es freie Pl\u00e4tze hat.<br \/>\nWeitere Informationen unter <a href=\"https:\/\/alavoix.com\/wp01\/sup_home\/\">Supervision komplement\u00e4r<\/a><\/span><\/p>\n<p><span style=\"font-size: 14px; font-family: Telex;\">Bitte keine Anfragen f\u00fcr Chorstimmbildung<\/span>[\/vc_column_text][vc_single_image image=&#8220;4856&#8243; css=&#8220;.vc_custom_1658586423638{margin-top: 25px !important;margin-left: 30px !important;}&#8220;][\/vc_column][vc_column width=&#8220;1\/4&#8243;][vc_column_text]<span style=\"font-size: 14px; font-family: Telex;\"><em>Einsam sind wir T\u00f6ne,<br \/>\n<\/em><em>gemeinsam sind wir ein Lied<br \/>\n<\/em><span style=\"font-size: 12px;\">Ya Beppo<\/span><\/span>[\/vc_column_text][vc_single_image image=&#8220;4859&#8243; css=&#8220;.vc_custom_1658497431087{margin-top: 25px !important;}&#8220;][vc_column_text css=&#8220;.vc_custom_1723731842122{margin-top: 25px !important;margin-bottom: 60px !important;}&#8220;]<span style=\"font-size: 14px;\"><em><span style=\"font-family: Telex;\">Die grosse Gnade<\/span><\/em><\/span><br \/>\n<span style=\"font-size: 14px;\"><em><span style=\"font-family: Telex;\">zu geben und zu nehmen<\/span><\/em><\/span><br \/>\n<span style=\"font-size: 14px;\"><em><span style=\"font-family: Telex;\">in der Begegnung<\/span><\/em><\/span><br \/>\n<span style=\"font-family: Telex; font-size: 12px;\">Regina Steck<\/span>[\/vc_column_text][vc_icon icon_fontawesome=&#8220;far fa-arrow-alt-circle-left&#8220; color=&#8220;white&#8220; background_style=&#8220;rounded&#8220; background_color=&#8220;custom&#8220; size=&#8220;xs&#8220; css_animation=&#8220;none&#8220; link=&#8220;url:https%3A%2F%2Falavoix.com%2Fwp01%2Fangebot_home%2F|title:Andere%20Angebote|rel:nofollow&#8220; custom_background_color=&#8220;#f47d5d&#8220;][\/vc_column][\/vc_row]\n<\/div>","protected":false},"excerpt":{"rendered":"<p>[vc_row][vc_column width=&#8220;3\/4&#8243; el_class=&#8220;bulletCheckmark&#8220;][vc_column_text css=&#8220;&#8220; el_class=&#8220;bulletDiamond&#8220;]Alle Kurse im Abosystem. Je nach Kurs zwischen 3-6 Einheiten pro Abo. &#8222;Lebe in Frieden&#8220; in der Gruppe Die Teilnehmer\/innen bringen ein pers\u00f6nliches Thema\/eine pers\u00f6nliche Frage mit und sind bereit, diese vor der Gruppe mit Regina Steck im Dialog zu besprechen. Zu Beginn werden die pers\u00f6nlichen Anliegen kurz zusammengetragen und die&hellip;<\/p>\n","protected":false},"author":1,"featured_media":0,"parent":0,"menu_order":0,"comment_status":"closed","ping_status":"closed","template":"","meta":{"footnotes":""},"class_list":["post-2545","page","type-page","status-publish","hentry","entry","no-media"],"yoast_head":"<!-- This site is optimized with the Yoast SEO Premium plugin v27.3 (Yoast SEO v27.4) - https:\/\/yoast.com\/product\/yoast-seo-premium-wordpress\/ -->\n<title>Gruppenkurse - Atemtherapie Alavoix Atemstimmen<\/title>\n<meta name=\"description\" content=\"Gruppen bei Alavoix Atemstimmen: Atem und Bewegung, Atem und Stimme, Supervision komplement\u00e4r, Singgr\u00fcppli \u00fc65, Improvisation\" \/>\n<meta name=\"robots\" content=\"index, follow, max-snippet:-1, max-image-preview:large, max-video-preview:-1\" \/>\n<link rel=\"canonical\" href=\"https:\/\/alavoix.com\/wp01\/group_home\/\" \/>\n<meta property=\"og:locale\" content=\"de_DE\" \/>\n<meta property=\"og:type\" content=\"article\" \/>\n<meta property=\"og:title\" content=\"Gruppenkurse\" \/>\n<meta property=\"og:description\" content=\"Gruppen bei Alavoix Atemstimmen: Atem und Bewegung, Atem und Stimme, Supervision komplement\u00e4r, Singgr\u00fcppli \u00fc65, Improvisation\" \/>\n<meta property=\"og:url\" content=\"https:\/\/alavoix.com\/wp01\/group_home\/\" \/>\n<meta property=\"og:site_name\" content=\"Atemtherapie Alavoix Atemstimmen\" \/>\n<meta property=\"article:publisher\" content=\"https:\/\/www.facebook.com\/Alavoix-atemstimmen-398439013575296\/\" \/>\n<meta property=\"article:modified_time\" content=\"2025-12-12T15:25:58+00:00\" \/>\n<meta name=\"twitter:card\" content=\"summary_large_image\" \/>\n<meta name=\"twitter:label1\" content=\"Gesch\u00e4tzte Lesezeit\" \/>\n\t<meta name=\"twitter:data1\" content=\"4\u00a0Minuten\" \/>\n<script type=\"application\/ld+json\" class=\"yoast-schema-graph\">{\"@context\":\"https:\\\/\\\/schema.org\",\"@graph\":[{\"@type\":\"WebPage\",\"@id\":\"https:\\\/\\\/alavoix.com\\\/wp01\\\/group_home\\\/\",\"url\":\"https:\\\/\\\/alavoix.com\\\/wp01\\\/group_home\\\/\",\"name\":\"Gruppenkurse - Atemtherapie Alavoix Atemstimmen\",\"isPartOf\":{\"@id\":\"https:\\\/\\\/alavoix.com\\\/wp01\\\/#website\"},\"datePublished\":\"2017-05-28T13:01:10+00:00\",\"dateModified\":\"2025-12-12T15:25:58+00:00\",\"description\":\"Gruppen bei Alavoix Atemstimmen: Atem und Bewegung, Atem und Stimme, Supervision komplement\u00e4r, Singgr\u00fcppli \u00fc65, Improvisation\",\"breadcrumb\":{\"@id\":\"https:\\\/\\\/alavoix.com\\\/wp01\\\/group_home\\\/#breadcrumb\"},\"inLanguage\":\"de\",\"potentialAction\":[{\"@type\":\"ReadAction\",\"target\":[\"https:\\\/\\\/alavoix.com\\\/wp01\\\/group_home\\\/\"]}]},{\"@type\":\"BreadcrumbList\",\"@id\":\"https:\\\/\\\/alavoix.com\\\/wp01\\\/group_home\\\/#breadcrumb\",\"itemListElement\":[{\"@type\":\"ListItem\",\"position\":1,\"name\":\"Startseite\",\"item\":\"https:\\\/\\\/alavoix.com\\\/wp01\\\/\"},{\"@type\":\"ListItem\",\"position\":2,\"name\":\"Gruppenkurse\"}]},{\"@type\":\"WebSite\",\"@id\":\"https:\\\/\\\/alavoix.com\\\/wp01\\\/#website\",\"url\":\"https:\\\/\\\/alavoix.com\\\/wp01\\\/\",\"name\":\"Atemtherapie Alavoix Atemstimmen\",\"description\":\"Atemtherapie &amp; Gesangsstunden\",\"publisher\":{\"@id\":\"https:\\\/\\\/alavoix.com\\\/wp01\\\/#organization\"},\"potentialAction\":[{\"@type\":\"SearchAction\",\"target\":{\"@type\":\"EntryPoint\",\"urlTemplate\":\"https:\\\/\\\/alavoix.com\\\/wp01\\\/?s={search_term_string}\"},\"query-input\":{\"@type\":\"PropertyValueSpecification\",\"valueRequired\":true,\"valueName\":\"search_term_string\"}}],\"inLanguage\":\"de\"},{\"@type\":\"Organization\",\"@id\":\"https:\\\/\\\/alavoix.com\\\/wp01\\\/#organization\",\"name\":\"alavoix atemstimmen\",\"url\":\"https:\\\/\\\/alavoix.com\\\/wp01\\\/\",\"logo\":{\"@type\":\"ImageObject\",\"inLanguage\":\"de\",\"@id\":\"https:\\\/\\\/alavoix.com\\\/wp01\\\/#\\\/schema\\\/logo\\\/image\\\/\",\"url\":\"https:\\\/\\\/alavoix.com\\\/wp01\\\/wp-content\\\/uploads\\\/Logo_alavoix_atemstimmen_Pantone_Block.svg\",\"contentUrl\":\"https:\\\/\\\/alavoix.com\\\/wp01\\\/wp-content\\\/uploads\\\/Logo_alavoix_atemstimmen_Pantone_Block.svg\",\"width\":1,\"height\":1,\"caption\":\"alavoix atemstimmen\"},\"image\":{\"@id\":\"https:\\\/\\\/alavoix.com\\\/wp01\\\/#\\\/schema\\\/logo\\\/image\\\/\"},\"sameAs\":[\"https:\\\/\\\/www.facebook.com\\\/Alavoix-atemstimmen-398439013575296\\\/\"]}]}<\/script>\n<!-- \/ Yoast SEO Premium plugin. -->","yoast_head_json":{"title":"Gruppenkurse - Atemtherapie Alavoix Atemstimmen","description":"Gruppen bei Alavoix Atemstimmen: Atem und Bewegung, Atem und Stimme, Supervision komplement\u00e4r, Singgr\u00fcppli \u00fc65, Improvisation","robots":{"index":"index","follow":"follow","max-snippet":"max-snippet:-1","max-image-preview":"max-image-preview:large","max-video-preview":"max-video-preview:-1"},"canonical":"https:\/\/alavoix.com\/wp01\/group_home\/","og_locale":"de_DE","og_type":"article","og_title":"Gruppenkurse","og_description":"Gruppen bei Alavoix Atemstimmen: Atem und Bewegung, Atem und Stimme, Supervision komplement\u00e4r, Singgr\u00fcppli \u00fc65, Improvisation","og_url":"https:\/\/alavoix.com\/wp01\/group_home\/","og_site_name":"Atemtherapie Alavoix Atemstimmen","article_publisher":"https:\/\/www.facebook.com\/Alavoix-atemstimmen-398439013575296\/","article_modified_time":"2025-12-12T15:25:58+00:00","twitter_card":"summary_large_image","twitter_misc":{"Gesch\u00e4tzte Lesezeit":"4\u00a0Minuten"},"schema":{"@context":"https:\/\/schema.org","@graph":[{"@type":"WebPage","@id":"https:\/\/alavoix.com\/wp01\/group_home\/","url":"https:\/\/alavoix.com\/wp01\/group_home\/","name":"Gruppenkurse - Atemtherapie Alavoix Atemstimmen","isPartOf":{"@id":"https:\/\/alavoix.com\/wp01\/#website"},"datePublished":"2017-05-28T13:01:10+00:00","dateModified":"2025-12-12T15:25:58+00:00","description":"Gruppen bei Alavoix Atemstimmen: Atem und Bewegung, Atem und Stimme, Supervision komplement\u00e4r, Singgr\u00fcppli \u00fc65, Improvisation","breadcrumb":{"@id":"https:\/\/alavoix.com\/wp01\/group_home\/#breadcrumb"},"inLanguage":"de","potentialAction":[{"@type":"ReadAction","target":["https:\/\/alavoix.com\/wp01\/group_home\/"]}]},{"@type":"BreadcrumbList","@id":"https:\/\/alavoix.com\/wp01\/group_home\/#breadcrumb","itemListElement":[{"@type":"ListItem","position":1,"name":"Startseite","item":"https:\/\/alavoix.com\/wp01\/"},{"@type":"ListItem","position":2,"name":"Gruppenkurse"}]},{"@type":"WebSite","@id":"https:\/\/alavoix.com\/wp01\/#website","url":"https:\/\/alavoix.com\/wp01\/","name":"Atemtherapie Alavoix Atemstimmen","description":"Atemtherapie &amp; Gesangsstunden","publisher":{"@id":"https:\/\/alavoix.com\/wp01\/#organization"},"potentialAction":[{"@type":"SearchAction","target":{"@type":"EntryPoint","urlTemplate":"https:\/\/alavoix.com\/wp01\/?s={search_term_string}"},"query-input":{"@type":"PropertyValueSpecification","valueRequired":true,"valueName":"search_term_string"}}],"inLanguage":"de"},{"@type":"Organization","@id":"https:\/\/alavoix.com\/wp01\/#organization","name":"alavoix atemstimmen","url":"https:\/\/alavoix.com\/wp01\/","logo":{"@type":"ImageObject","inLanguage":"de","@id":"https:\/\/alavoix.com\/wp01\/#\/schema\/logo\/image\/","url":"https:\/\/alavoix.com\/wp01\/wp-content\/uploads\/Logo_alavoix_atemstimmen_Pantone_Block.svg","contentUrl":"https:\/\/alavoix.com\/wp01\/wp-content\/uploads\/Logo_alavoix_atemstimmen_Pantone_Block.svg","width":1,"height":1,"caption":"alavoix atemstimmen"},"image":{"@id":"https:\/\/alavoix.com\/wp01\/#\/schema\/logo\/image\/"},"sameAs":["https:\/\/www.facebook.com\/Alavoix-atemstimmen-398439013575296\/"]}]}},"_links":{"self":[{"href":"https:\/\/alavoix.com\/wp01\/wp-json\/wp\/v2\/pages\/2545","targetHints":{"allow":["GET"]}}],"collection":[{"href":"https:\/\/alavoix.com\/wp01\/wp-json\/wp\/v2\/pages"}],"about":[{"href":"https:\/\/alavoix.com\/wp01\/wp-json\/wp\/v2\/types\/page"}],"author":[{"embeddable":true,"href":"https:\/\/alavoix.com\/wp01\/wp-json\/wp\/v2\/users\/1"}],"replies":[{"embeddable":true,"href":"https:\/\/alavoix.com\/wp01\/wp-json\/wp\/v2\/comments?post=2545"}],"version-history":[{"count":70,"href":"https:\/\/alavoix.com\/wp01\/wp-json\/wp\/v2\/pages\/2545\/revisions"}],"predecessor-version":[{"id":7446,"href":"https:\/\/alavoix.com\/wp01\/wp-json\/wp\/v2\/pages\/2545\/revisions\/7446"}],"wp:attachment":[{"href":"https:\/\/alavoix.com\/wp01\/wp-json\/wp\/v2\/media?parent=2545"}],"curies":[{"name":"wp","href":"https:\/\/api.w.org\/{rel}","templated":true}]}}