{"id":5531,"date":"2019-03-31T14:48:49","date_gmt":"2019-03-31T13:48:49","guid":{"rendered":"http:\/\/atemstimmen.ch\/wp01\/?page_id=5531"},"modified":"2022-07-22T19:23:55","modified_gmt":"2022-07-22T18:23:55","slug":"sup_home","status":"publish","type":"page","link":"https:\/\/alavoix.com\/wp01\/sup_home\/","title":{"rendered":"Supervision komplement\u00e4r"},"content":{"rendered":"<div class=\"wpb-content-wrapper\">[vc_row 0=&#8220;&#8220;][vc_column width=&#8220;3\/4&#8243;][vc_column_text css=&#8220;.vc_custom_1658492912014{margin-bottom: 25px !important;margin-left: 30px !important;}&#8220;]<span style=\"font-size: 14px;\"><em><span style=\"font-family: Telex;\">Ein frisches L\u00fcftchen<\/span><\/em><\/span><br \/>\n<span style=\"font-size: 14px;\"><em><span style=\"font-family: Telex;\">Dem Vorhang meiner Kammer<\/span><\/em><\/span><br \/>\n<span style=\"font-size: 14px;\"><em><span style=\"font-family: Telex;\">Ein T\u00e4nzchen entlockt<\/span><\/em><\/span><br \/>\n<span style=\"font-family: Telex; font-size: 12px;\">Regina Steck<\/span>[\/vc_column_text][vc_column_text el_class=&#8220;bulletDiamond&#8220;]<span style=\"font-family: Telex; font-size: 14px;\">Du bietest eine komplement\u00e4r-therapeutische Methode an oder arbeitest in einem anderen Beruf mit intensivem Menschenkontakt. Du m\u00f6chtest Deine Haltungen und Handlungen im Berufsalltag hinterfragen, wertsch\u00e4tzen und best\u00e4tigen lassen oder reformieren.<\/span><\/p>\n<p><span style=\"font-family: Telex; font-size: 14px;\">Das Supervisionsangebot ist geeignet f\u00fcr<\/span><\/p>\n<ul>\n<li><span style=\"font-family: Telex; font-size: 14px;\">Komplement\u00e4r-Therapeuten: Berufliche Kompetenzen nach OdA KT<\/span><\/li>\n<li><span style=\"font-family: Telex; font-size: 14px;\">Atem-Therapeuten nach Ilse Middendorf: KT und methodenspezifische Kompetenzen<\/span><\/li>\n<li><span style=\"font-family: Telex; font-size: 14px;\">Ganzheitlich-integrative Atem-Therapeuten IKP: KT und methodenspezifische Kompetenzen<\/span><\/li>\n<li><span style=\"font-family: Telex; font-size: 14px;\">Dienstleister mit intensivem Menschenkontakt: Konflikte am Arbeitsplatz im pers\u00f6nlichen oder zwischenmenschlichen Bereich<\/span><\/li>\n<\/ul>\n<p><span style=\"font-family: Telex; font-size: 14px;\">Hier werden Deine pers\u00f6nlichen und psychosozialen Kompetenzen wertgesch\u00e4tzt und erweitert:<\/span><br \/>\n<span style=\"font-family: Telex; font-size: 14px;\">Die l\u00f6sungsorientierte und sachliche Reflexion und neue Perspektiven motivieren Dich und helfen Dir, Deine beruflichen Herausforderungen noch besser zu bew\u00e4ltigen. Du erkennst sch\u00e4dliche Verhaltensmuster und findest neue M\u00f6glichkeiten des Umgangs. Du \u00fcberpr\u00fcfst Dein Wertesystem, Deine Arbeitsabl\u00e4ufe, Du befasst Dich mit Deinen und fremden Projektionen, \u00dcbertragungen und Gegen\u00fcbertragungen. Die F\u00f6rderung Deiner Resilienz gelingt durch die Aktivierung Deiner pers\u00f6nlichen Ressourcen.<br \/>\nBetreibe auch Du Psychohygiene, bleibe leistungsf\u00e4hig und entwickele Dich zum Wohle Deiner selbst und Deiner Klienten weiter. Dein Berufsalltag wird harmonischer, effizienter und kreativer. Auch Deine (Arbeits-)Beziehungen profitieren. Deine Arbeit macht Dir wieder (oder noch mehr) Freude! Supervision ist elementar, um die Qualit\u00e4t Deines beruflichen Angebots auch in Zukunft sicher zu stellen. Supervision geh\u00f6rt bei seri\u00f6sen Therapeuten zur obligatorischen Weiterbildung und ist f\u00fcr andere Dienstleister eine sch\u00f6ne Bereicherung.<\/span><\/p>\n<p><span style=\"font-family: Telex; font-size: 14px;\">Gerne begleite ich Dich auf dieser Reise: <strong>OdA KT anerkannt<\/strong>, kompetent, motiviert und engagiert.<\/span><br \/>\n<span style=\"font-family: Telex; font-size: 14px;\">Momentan kann ich Dir Einzelsupervision und bei vorhandenem Platz Gruppensupervision (3-4 Personen) anbieten.<\/span><\/p>\n<p><span style=\"font-family: Telex; font-size: 14px;\">Das Angebot ist <strong>nicht Krankenkassen anerkannt<\/strong>.<\/span><br \/>\n<span style=\"font-family: Telex; font-size: 14px;\">Supervision kann therapeutische Wirkung zeigen, ist aber <strong>kein Therapieersatz<\/strong><\/span>[\/vc_column_text][\/vc_column][vc_column width=&#8220;1\/4&#8243;][vc_icon icon_fontawesome=&#8220;far fa-arrow-alt-circle-left&#8220; color=&#8220;white&#8220; background_style=&#8220;rounded&#8220; background_color=&#8220;custom&#8220; size=&#8220;xs&#8220; css_animation=&#8220;none&#8220; link=&#8220;url:https%3A%2F%2Falavoix.com%2Fwp01%2Fangebot_home%2F|title:Andere%20Angebote|rel:nofollow&#8220; custom_background_color=&#8220;#7bc2d1&#8243;][vc_column_text css=&#8220;.vc_custom_1658302428502{margin-top: 20px !important;margin-bottom: 0px !important;}&#8220;]<span style=\"font-size: 14px;\"><em><span style=\"font-family: Telex;\">Alles eine Frage der Perspektive<\/span><\/em><\/span><span style=\"font-family: Telex; font-size: 14px;\"><br \/>\n<\/span>[\/vc_column_text][vc_single_image image=&#8220;4799&#8243;][vc_single_image image=&#8220;4796&#8243;][vc_single_image image=&#8220;4793&#8243;][\/vc_column][\/vc_row][vc_row][vc_column][vc_icon icon_fontawesome=&#8220;far fa-arrow-alt-circle-left&#8220; color=&#8220;white&#8220; background_style=&#8220;rounded&#8220; background_color=&#8220;custom&#8220; size=&#8220;xs&#8220; css_animation=&#8220;none&#8220; link=&#8220;url:https%3A%2F%2Falavoix.com%2Fwp01%2Fangebot_home%2F|title:Andere%20Angebote|rel:nofollow&#8220; custom_background_color=&#8220;#7bc2d1&#8243;][\/vc_column][\/vc_row][vc_row][vc_column][vc_column_text][\/vc_column_text][\/vc_column][\/vc_row]\n<\/div>","protected":false},"excerpt":{"rendered":"<p>[vc_row 0=&#8220;&#8220;][vc_column width=&#8220;3\/4&#8243;][vc_column_text css=&#8220;.vc_custom_1658492912014{margin-bottom: 25px !important;margin-left: 30px !important;}&#8220;]Ein frisches L\u00fcftchen Dem Vorhang meiner Kammer Ein T\u00e4nzchen entlockt Regina Steck[\/vc_column_text][vc_column_text el_class=&#8220;bulletDiamond&#8220;]Du bietest eine komplement\u00e4r-therapeutische Methode an oder arbeitest in einem anderen Beruf mit intensivem Menschenkontakt. Du m\u00f6chtest Deine Haltungen und Handlungen im Berufsalltag hinterfragen, wertsch\u00e4tzen und best\u00e4tigen lassen oder reformieren. Das Supervisionsangebot ist geeignet f\u00fcr Komplement\u00e4r-Therapeuten:&hellip;<\/p>\n","protected":false},"author":1,"featured_media":0,"parent":0,"menu_order":0,"comment_status":"closed","ping_status":"closed","template":"","meta":{"footnotes":""},"class_list":["post-5531","page","type-page","status-publish","hentry","entry","no-media"],"yoast_head":"<!-- This site is optimized with the Yoast SEO Premium plugin v27.3 (Yoast SEO v27.4) - https:\/\/yoast.com\/product\/yoast-seo-premium-wordpress\/ -->\n<title>Supervision komplement\u00e4r - Atemtherapie Alavoix Atemstimmen<\/title>\n<meta name=\"description\" content=\"Haltungen und Handlungen im Berufsalltag hinterfragen, wertsch\u00e4tzen und best\u00e4tigen lassen oder reformieren. F\u00fcr Menschen, die mit Menschen arbeiten\" \/>\n<meta name=\"robots\" content=\"index, follow, max-snippet:-1, max-image-preview:large, max-video-preview:-1\" \/>\n<link rel=\"canonical\" href=\"https:\/\/alavoix.com\/wp01\/sup_home\/\" \/>\n<meta property=\"og:locale\" content=\"de_DE\" \/>\n<meta property=\"og:type\" content=\"article\" \/>\n<meta property=\"og:title\" content=\"Supervision komplement\u00e4r\" \/>\n<meta property=\"og:description\" content=\"Haltungen und Handlungen im Berufsalltag hinterfragen, wertsch\u00e4tzen und best\u00e4tigen lassen oder reformieren. F\u00fcr Menschen, die mit Menschen arbeiten\" \/>\n<meta property=\"og:url\" content=\"https:\/\/alavoix.com\/wp01\/sup_home\/\" \/>\n<meta property=\"og:site_name\" content=\"Atemtherapie Alavoix Atemstimmen\" \/>\n<meta property=\"article:publisher\" content=\"https:\/\/www.facebook.com\/Alavoix-atemstimmen-398439013575296\/\" \/>\n<meta property=\"article:modified_time\" content=\"2022-07-22T18:23:55+00:00\" \/>\n<meta name=\"twitter:card\" content=\"summary_large_image\" \/>\n<meta name=\"twitter:label1\" content=\"Gesch\u00e4tzte Lesezeit\" \/>\n\t<meta name=\"twitter:data1\" content=\"2\u00a0Minuten\" \/>\n<script type=\"application\/ld+json\" class=\"yoast-schema-graph\">{\"@context\":\"https:\\\/\\\/schema.org\",\"@graph\":[{\"@type\":\"WebPage\",\"@id\":\"https:\\\/\\\/alavoix.com\\\/wp01\\\/sup_home\\\/\",\"url\":\"https:\\\/\\\/alavoix.com\\\/wp01\\\/sup_home\\\/\",\"name\":\"Supervision komplement\u00e4r - Atemtherapie Alavoix Atemstimmen\",\"isPartOf\":{\"@id\":\"https:\\\/\\\/alavoix.com\\\/wp01\\\/#website\"},\"datePublished\":\"2019-03-31T13:48:49+00:00\",\"dateModified\":\"2022-07-22T18:23:55+00:00\",\"description\":\"Haltungen und Handlungen im Berufsalltag hinterfragen, wertsch\u00e4tzen und best\u00e4tigen lassen oder reformieren. F\u00fcr Menschen, die mit Menschen arbeiten\",\"breadcrumb\":{\"@id\":\"https:\\\/\\\/alavoix.com\\\/wp01\\\/sup_home\\\/#breadcrumb\"},\"inLanguage\":\"de\",\"potentialAction\":[{\"@type\":\"ReadAction\",\"target\":[\"https:\\\/\\\/alavoix.com\\\/wp01\\\/sup_home\\\/\"]}]},{\"@type\":\"BreadcrumbList\",\"@id\":\"https:\\\/\\\/alavoix.com\\\/wp01\\\/sup_home\\\/#breadcrumb\",\"itemListElement\":[{\"@type\":\"ListItem\",\"position\":1,\"name\":\"Startseite\",\"item\":\"https:\\\/\\\/alavoix.com\\\/wp01\\\/\"},{\"@type\":\"ListItem\",\"position\":2,\"name\":\"Supervision komplement\u00e4r\"}]},{\"@type\":\"WebSite\",\"@id\":\"https:\\\/\\\/alavoix.com\\\/wp01\\\/#website\",\"url\":\"https:\\\/\\\/alavoix.com\\\/wp01\\\/\",\"name\":\"Atemtherapie Alavoix Atemstimmen\",\"description\":\"Atemtherapie &amp; Gesangsstunden\",\"publisher\":{\"@id\":\"https:\\\/\\\/alavoix.com\\\/wp01\\\/#organization\"},\"potentialAction\":[{\"@type\":\"SearchAction\",\"target\":{\"@type\":\"EntryPoint\",\"urlTemplate\":\"https:\\\/\\\/alavoix.com\\\/wp01\\\/?s={search_term_string}\"},\"query-input\":{\"@type\":\"PropertyValueSpecification\",\"valueRequired\":true,\"valueName\":\"search_term_string\"}}],\"inLanguage\":\"de\"},{\"@type\":\"Organization\",\"@id\":\"https:\\\/\\\/alavoix.com\\\/wp01\\\/#organization\",\"name\":\"alavoix atemstimmen\",\"url\":\"https:\\\/\\\/alavoix.com\\\/wp01\\\/\",\"logo\":{\"@type\":\"ImageObject\",\"inLanguage\":\"de\",\"@id\":\"https:\\\/\\\/alavoix.com\\\/wp01\\\/#\\\/schema\\\/logo\\\/image\\\/\",\"url\":\"https:\\\/\\\/alavoix.com\\\/wp01\\\/wp-content\\\/uploads\\\/Logo_alavoix_atemstimmen_Pantone_Block.svg\",\"contentUrl\":\"https:\\\/\\\/alavoix.com\\\/wp01\\\/wp-content\\\/uploads\\\/Logo_alavoix_atemstimmen_Pantone_Block.svg\",\"width\":1,\"height\":1,\"caption\":\"alavoix atemstimmen\"},\"image\":{\"@id\":\"https:\\\/\\\/alavoix.com\\\/wp01\\\/#\\\/schema\\\/logo\\\/image\\\/\"},\"sameAs\":[\"https:\\\/\\\/www.facebook.com\\\/Alavoix-atemstimmen-398439013575296\\\/\"]}]}<\/script>\n<!-- \/ Yoast SEO Premium plugin. -->","yoast_head_json":{"title":"Supervision komplement\u00e4r - Atemtherapie Alavoix Atemstimmen","description":"Haltungen und Handlungen im Berufsalltag hinterfragen, wertsch\u00e4tzen und best\u00e4tigen lassen oder reformieren. F\u00fcr Menschen, die mit Menschen arbeiten","robots":{"index":"index","follow":"follow","max-snippet":"max-snippet:-1","max-image-preview":"max-image-preview:large","max-video-preview":"max-video-preview:-1"},"canonical":"https:\/\/alavoix.com\/wp01\/sup_home\/","og_locale":"de_DE","og_type":"article","og_title":"Supervision komplement\u00e4r","og_description":"Haltungen und Handlungen im Berufsalltag hinterfragen, wertsch\u00e4tzen und best\u00e4tigen lassen oder reformieren. F\u00fcr Menschen, die mit Menschen arbeiten","og_url":"https:\/\/alavoix.com\/wp01\/sup_home\/","og_site_name":"Atemtherapie Alavoix Atemstimmen","article_publisher":"https:\/\/www.facebook.com\/Alavoix-atemstimmen-398439013575296\/","article_modified_time":"2022-07-22T18:23:55+00:00","twitter_card":"summary_large_image","twitter_misc":{"Gesch\u00e4tzte Lesezeit":"2\u00a0Minuten"},"schema":{"@context":"https:\/\/schema.org","@graph":[{"@type":"WebPage","@id":"https:\/\/alavoix.com\/wp01\/sup_home\/","url":"https:\/\/alavoix.com\/wp01\/sup_home\/","name":"Supervision komplement\u00e4r - Atemtherapie Alavoix Atemstimmen","isPartOf":{"@id":"https:\/\/alavoix.com\/wp01\/#website"},"datePublished":"2019-03-31T13:48:49+00:00","dateModified":"2022-07-22T18:23:55+00:00","description":"Haltungen und Handlungen im Berufsalltag hinterfragen, wertsch\u00e4tzen und best\u00e4tigen lassen oder reformieren. F\u00fcr Menschen, die mit Menschen arbeiten","breadcrumb":{"@id":"https:\/\/alavoix.com\/wp01\/sup_home\/#breadcrumb"},"inLanguage":"de","potentialAction":[{"@type":"ReadAction","target":["https:\/\/alavoix.com\/wp01\/sup_home\/"]}]},{"@type":"BreadcrumbList","@id":"https:\/\/alavoix.com\/wp01\/sup_home\/#breadcrumb","itemListElement":[{"@type":"ListItem","position":1,"name":"Startseite","item":"https:\/\/alavoix.com\/wp01\/"},{"@type":"ListItem","position":2,"name":"Supervision komplement\u00e4r"}]},{"@type":"WebSite","@id":"https:\/\/alavoix.com\/wp01\/#website","url":"https:\/\/alavoix.com\/wp01\/","name":"Atemtherapie Alavoix Atemstimmen","description":"Atemtherapie &amp; Gesangsstunden","publisher":{"@id":"https:\/\/alavoix.com\/wp01\/#organization"},"potentialAction":[{"@type":"SearchAction","target":{"@type":"EntryPoint","urlTemplate":"https:\/\/alavoix.com\/wp01\/?s={search_term_string}"},"query-input":{"@type":"PropertyValueSpecification","valueRequired":true,"valueName":"search_term_string"}}],"inLanguage":"de"},{"@type":"Organization","@id":"https:\/\/alavoix.com\/wp01\/#organization","name":"alavoix atemstimmen","url":"https:\/\/alavoix.com\/wp01\/","logo":{"@type":"ImageObject","inLanguage":"de","@id":"https:\/\/alavoix.com\/wp01\/#\/schema\/logo\/image\/","url":"https:\/\/alavoix.com\/wp01\/wp-content\/uploads\/Logo_alavoix_atemstimmen_Pantone_Block.svg","contentUrl":"https:\/\/alavoix.com\/wp01\/wp-content\/uploads\/Logo_alavoix_atemstimmen_Pantone_Block.svg","width":1,"height":1,"caption":"alavoix atemstimmen"},"image":{"@id":"https:\/\/alavoix.com\/wp01\/#\/schema\/logo\/image\/"},"sameAs":["https:\/\/www.facebook.com\/Alavoix-atemstimmen-398439013575296\/"]}]}},"_links":{"self":[{"href":"https:\/\/alavoix.com\/wp01\/wp-json\/wp\/v2\/pages\/5531","targetHints":{"allow":["GET"]}}],"collection":[{"href":"https:\/\/alavoix.com\/wp01\/wp-json\/wp\/v2\/pages"}],"about":[{"href":"https:\/\/alavoix.com\/wp01\/wp-json\/wp\/v2\/types\/page"}],"author":[{"embeddable":true,"href":"https:\/\/alavoix.com\/wp01\/wp-json\/wp\/v2\/users\/1"}],"replies":[{"embeddable":true,"href":"https:\/\/alavoix.com\/wp01\/wp-json\/wp\/v2\/comments?post=5531"}],"version-history":[{"count":30,"href":"https:\/\/alavoix.com\/wp01\/wp-json\/wp\/v2\/pages\/5531\/revisions"}],"predecessor-version":[{"id":7013,"href":"https:\/\/alavoix.com\/wp01\/wp-json\/wp\/v2\/pages\/5531\/revisions\/7013"}],"wp:attachment":[{"href":"https:\/\/alavoix.com\/wp01\/wp-json\/wp\/v2\/media?parent=5531"}],"curies":[{"name":"wp","href":"https:\/\/api.w.org\/{rel}","templated":true}]}}