{"id":7418,"date":"2025-12-12T15:44:13","date_gmt":"2025-12-12T14:44:13","guid":{"rendered":"https:\/\/alavoix.com\/wp01\/?page_id=7418"},"modified":"2026-02-12T10:36:40","modified_gmt":"2026-02-12T09:36:40","slug":"numerologie","status":"publish","type":"page","link":"https:\/\/alavoix.com\/wp01\/numerologie\/","title":{"rendered":"Numerologie"},"content":{"rendered":"<div class=\"wpb-content-wrapper\">[vc_row 0=&#8220;&#8220;][vc_column width=&#8220;3\/4&#8243;][vc_column_text css=&#8220;&#8220; el_class=&#8220;bulletDiamond&#8220;]<span style=\"font-family: Telex; font-size: 14px;\">Mit Numerologie durch Entwicklungs- und Wandlungphasen<\/span><br \/>\n<span style=\"font-family: Telex; font-size: 14px;\">Numerologie ist eine alte, empirische Wissenschaft. Numerologische und astrologische Analysen zeigen \u00dcbereinstimmungen. Verschiedene V\u00f6lker haben Ihre eigene Art, die Numerologie zu verwenden. Ich beschr\u00e4nke mich deshalb bei numerologischen Beratungen ausschliesslich auf Menschen, welche aus demselben, also europ\u00e4ischen Kulturkreis stammen.<br \/>\nNumerologie zeigt im Wesentlichen auf, was einem Menschen k\u00f6rperlich, seelisch und geistig \u00abin die Wiege gelegt\u00bb wurde oder auch \u00abwas sich die Seele bereits in anderen Leben erarbeitet hat\u00bb.<br \/>\nJeder Mensch verf\u00fcgt \u00fcber einen pers\u00f6nlichen, numerologischen Lebenscode. Dieser kann aus seinen Geburtszahlen und seinen Namen berechnet werden. In der Numerologie werden die Zahlen mit verschiedenen Bedeutungen und Themen assoziiert. Einige Zahlen des Codes sind ver\u00e4nderbar, andere begleiten uns ein Leben lang mit ihren Wirkungen und beeinflussen so unsere Entwicklung. Es ist auch m\u00f6glich, dass Zahlen auf Ihre Erl\u00f6sung warten, weil diese entweder noch nicht vorhanden, mehrfach vorhanden und deshalb instabil oder zwar vorhanden, jedoch \u00fcber negative Erfahrungen bis zur Unkenntlichkeit \u00fcberdeckt wurden. Was nicht vorhanden ist, wird in der Regel kompensiert, bis es erarbeitet ist. Die einzelnen Zahlen des Codes geben unter anderem Auskunft \u00fcber unsere Ressourcen, unsere gewollte und unbewusste Wirkung auf andere, unsere Lebenseinstellung und unser Wertesystem. Im Besonderen kann etwas \u00fcber die pers\u00f6nlichen Lebensaufgaben, den Lebenssinn, die H\u00fcrden und Chancen in diesem Leben bis hin zum Schicksalhaften erfahren werden. Erst die einzigartige Kombination unserer pers\u00f6nlichen Zahlen des Codes machen genauere Deutungen m\u00f6glich und zeigen die Komplexit\u00e4t des Systems auf.<br \/>\nDie Auseinandersetzung mit Numerologie f\u00f6rdert das Selbstverst\u00e4ndnis und kann weiterhelfen bei vielen pers\u00f6nlichen Fragen, Problemen und Missverst\u00e4ndnissen. Auch in Beziehungen kann Numerologie Klarheit verschaffen und Hilfe leisten. So gibt sie z.B. Aufschluss, was man vom Partner\/der Partnerin lernen kann und vice versa. Vielleicht sind da noch ungenutzte Potentiale oder es wird vielleicht verst\u00e4ndlich, wo Geduld und Toleranz aufgebracht werden muss, damit das Leben und das Zusammenleben harmonisch und gl\u00fccklich gestaltet werden kann.<\/span><br \/>\n<span style=\"font-family: Telex; font-size: 14px;\">Die Berechnung des numerologischen Lebenscodes erfolgt durch Regina Steck kostenpflichtig im Vorfeld und in Abwesenheit der zu Beratenden. Die Beratung erfolgt pers\u00f6nlich m\u00fcndlich mit der M\u00f6glichkeit konkrete Fragen zu stellen. Eine schriftliche Analyse ist zur Zeit nur auf Anfrage m\u00f6glich.<\/span><\/p>\n<p><span style=\"font-family: Telex; font-size: 14px;\">Dieses Angebot ist f\u00fcr Einzelpersonen oder Paare s. auch unter <strong><a href=\"https:\/\/alavoix.com\/wp01\/group_home\/\">Gruppenkurse<\/a> <\/strong><\/span>[\/vc_column_text][\/vc_column][vc_column width=&#8220;1\/4&#8243;][vc_single_image image=&#8220;4853&#8243;][\/vc_column][\/vc_row][vc_row][vc_column width=&#8220;1\/6&#8243;][vc_icon icon_fontawesome=&#8220;far fa-arrow-alt-circle-left&#8220; color=&#8220;white&#8220; background_style=&#8220;rounded&#8220; background_color=&#8220;custom&#8220; size=&#8220;xs&#8220; css_animation=&#8220;none&#8220; link=&#8220;url:https%3A%2F%2Falavoix.com%2Fwp01%2Fangebot_home%2F|title:Andere%20Angebote|rel:nofollow&#8220; custom_background_color=&#8220;#67af70&#8243;][\/vc_column][vc_column width=&#8220;1\/6&#8243;][vc_icon icon_fontawesome=&#8220;far fa-arrow-alt-circle-left&#8220; color=&#8220;white&#8220; background_style=&#8220;rounded&#8220; background_color=&#8220;custom&#8220; size=&#8220;xs&#8220; css_animation=&#8220;none&#8220; css=&#8220;&#8220; link=&#8220;url:https%3A%2F%2Falavoix.com%2Fwp01%2Fgroup_home%2F|title:Zu%20Paar-%20und%20Gruppenkursen|rel:nofollow&#8220; custom_background_color=&#8220;#bf70b2&#8243;][\/vc_column][vc_column width=&#8220;1\/6&#8243;][\/vc_column][vc_column width=&#8220;1\/6&#8243;][\/vc_column][vc_column width=&#8220;1\/6&#8243;][\/vc_column][vc_column width=&#8220;1\/6&#8243;][\/vc_column][\/vc_row]\n<\/div>","protected":false},"excerpt":{"rendered":"<p>[vc_row 0=&#8220;&#8220;][vc_column width=&#8220;3\/4&#8243;][vc_column_text css=&#8220;&#8220; el_class=&#8220;bulletDiamond&#8220;]Mit Numerologie durch Entwicklungs- und Wandlungphasen Numerologie ist eine alte, empirische Wissenschaft. Numerologische und astrologische Analysen zeigen \u00dcbereinstimmungen. Verschiedene V\u00f6lker haben Ihre eigene Art, die Numerologie zu verwenden. Ich beschr\u00e4nke mich deshalb bei numerologischen Beratungen ausschliesslich auf Menschen, welche aus demselben, also europ\u00e4ischen Kulturkreis stammen. Numerologie zeigt im Wesentlichen auf, was&hellip;<\/p>\n","protected":false},"author":1,"featured_media":0,"parent":0,"menu_order":0,"comment_status":"closed","ping_status":"closed","template":"","meta":{"footnotes":""},"class_list":["post-7418","page","type-page","status-publish","hentry","entry","no-media"],"yoast_head":"<!-- This site is optimized with the Yoast SEO Premium plugin v27.3 (Yoast SEO v27.5) - https:\/\/yoast.com\/product\/yoast-seo-premium-wordpress\/ -->\n<title>Numerologie - Atemtherapie Alavoix Atemstimmen<\/title>\n<meta name=\"description\" content=\"Numerologie, Berechnungen und Beratungen: Lebenscode und Selbsterkenntnis, Beziehungscode und Verst\u00e4ndnis f\u00fcr die Partnerschaft\" \/>\n<meta name=\"robots\" content=\"index, follow, max-snippet:-1, max-image-preview:large, max-video-preview:-1\" \/>\n<link rel=\"canonical\" href=\"https:\/\/alavoix.com\/wp01\/numerologie\/\" \/>\n<meta property=\"og:locale\" content=\"de_DE\" \/>\n<meta property=\"og:type\" content=\"article\" \/>\n<meta property=\"og:title\" content=\"Numerologie\" \/>\n<meta property=\"og:description\" content=\"Numerologie, Berechnungen und Beratungen: Lebenscode und Selbsterkenntnis, Beziehungscode und Verst\u00e4ndnis f\u00fcr die Partnerschaft\" \/>\n<meta property=\"og:url\" content=\"https:\/\/alavoix.com\/wp01\/numerologie\/\" \/>\n<meta property=\"og:site_name\" content=\"Atemtherapie Alavoix Atemstimmen\" \/>\n<meta property=\"article:publisher\" content=\"https:\/\/www.facebook.com\/Alavoix-atemstimmen-398439013575296\/\" \/>\n<meta property=\"article:modified_time\" content=\"2026-02-12T09:36:40+00:00\" \/>\n<meta name=\"twitter:card\" content=\"summary_large_image\" \/>\n<meta name=\"twitter:label1\" content=\"Gesch\u00e4tzte Lesezeit\" \/>\n\t<meta name=\"twitter:data1\" content=\"3\u00a0Minuten\" \/>\n<script type=\"application\/ld+json\" class=\"yoast-schema-graph\">{\"@context\":\"https:\\\/\\\/schema.org\",\"@graph\":[{\"@type\":\"WebPage\",\"@id\":\"https:\\\/\\\/alavoix.com\\\/wp01\\\/numerologie\\\/\",\"url\":\"https:\\\/\\\/alavoix.com\\\/wp01\\\/numerologie\\\/\",\"name\":\"Numerologie - Atemtherapie Alavoix Atemstimmen\",\"isPartOf\":{\"@id\":\"https:\\\/\\\/alavoix.com\\\/wp01\\\/#website\"},\"datePublished\":\"2025-12-12T14:44:13+00:00\",\"dateModified\":\"2026-02-12T09:36:40+00:00\",\"description\":\"Numerologie, Berechnungen und Beratungen: Lebenscode und Selbsterkenntnis, Beziehungscode und Verst\u00e4ndnis f\u00fcr die Partnerschaft\",\"breadcrumb\":{\"@id\":\"https:\\\/\\\/alavoix.com\\\/wp01\\\/numerologie\\\/#breadcrumb\"},\"inLanguage\":\"de\",\"potentialAction\":[{\"@type\":\"ReadAction\",\"target\":[\"https:\\\/\\\/alavoix.com\\\/wp01\\\/numerologie\\\/\"]}]},{\"@type\":\"BreadcrumbList\",\"@id\":\"https:\\\/\\\/alavoix.com\\\/wp01\\\/numerologie\\\/#breadcrumb\",\"itemListElement\":[{\"@type\":\"ListItem\",\"position\":1,\"name\":\"Startseite\",\"item\":\"https:\\\/\\\/alavoix.com\\\/wp01\\\/\"},{\"@type\":\"ListItem\",\"position\":2,\"name\":\"Numerologie\"}]},{\"@type\":\"WebSite\",\"@id\":\"https:\\\/\\\/alavoix.com\\\/wp01\\\/#website\",\"url\":\"https:\\\/\\\/alavoix.com\\\/wp01\\\/\",\"name\":\"Atemtherapie Alavoix Atemstimmen\",\"description\":\"Atemtherapie &amp; Gesangsstunden\",\"publisher\":{\"@id\":\"https:\\\/\\\/alavoix.com\\\/wp01\\\/#organization\"},\"potentialAction\":[{\"@type\":\"SearchAction\",\"target\":{\"@type\":\"EntryPoint\",\"urlTemplate\":\"https:\\\/\\\/alavoix.com\\\/wp01\\\/?s={search_term_string}\"},\"query-input\":{\"@type\":\"PropertyValueSpecification\",\"valueRequired\":true,\"valueName\":\"search_term_string\"}}],\"inLanguage\":\"de\"},{\"@type\":\"Organization\",\"@id\":\"https:\\\/\\\/alavoix.com\\\/wp01\\\/#organization\",\"name\":\"alavoix atemstimmen\",\"url\":\"https:\\\/\\\/alavoix.com\\\/wp01\\\/\",\"logo\":{\"@type\":\"ImageObject\",\"inLanguage\":\"de\",\"@id\":\"https:\\\/\\\/alavoix.com\\\/wp01\\\/#\\\/schema\\\/logo\\\/image\\\/\",\"url\":\"https:\\\/\\\/alavoix.com\\\/wp01\\\/wp-content\\\/uploads\\\/Logo_alavoix_atemstimmen_Pantone_Block.svg\",\"contentUrl\":\"https:\\\/\\\/alavoix.com\\\/wp01\\\/wp-content\\\/uploads\\\/Logo_alavoix_atemstimmen_Pantone_Block.svg\",\"width\":1,\"height\":1,\"caption\":\"alavoix atemstimmen\"},\"image\":{\"@id\":\"https:\\\/\\\/alavoix.com\\\/wp01\\\/#\\\/schema\\\/logo\\\/image\\\/\"},\"sameAs\":[\"https:\\\/\\\/www.facebook.com\\\/Alavoix-atemstimmen-398439013575296\\\/\"]}]}<\/script>\n<!-- \/ Yoast SEO Premium plugin. -->","yoast_head_json":{"title":"Numerologie - Atemtherapie Alavoix Atemstimmen","description":"Numerologie, Berechnungen und Beratungen: Lebenscode und Selbsterkenntnis, Beziehungscode und Verst\u00e4ndnis f\u00fcr die Partnerschaft","robots":{"index":"index","follow":"follow","max-snippet":"max-snippet:-1","max-image-preview":"max-image-preview:large","max-video-preview":"max-video-preview:-1"},"canonical":"https:\/\/alavoix.com\/wp01\/numerologie\/","og_locale":"de_DE","og_type":"article","og_title":"Numerologie","og_description":"Numerologie, Berechnungen und Beratungen: Lebenscode und Selbsterkenntnis, Beziehungscode und Verst\u00e4ndnis f\u00fcr die Partnerschaft","og_url":"https:\/\/alavoix.com\/wp01\/numerologie\/","og_site_name":"Atemtherapie Alavoix Atemstimmen","article_publisher":"https:\/\/www.facebook.com\/Alavoix-atemstimmen-398439013575296\/","article_modified_time":"2026-02-12T09:36:40+00:00","twitter_card":"summary_large_image","twitter_misc":{"Gesch\u00e4tzte Lesezeit":"3\u00a0Minuten"},"schema":{"@context":"https:\/\/schema.org","@graph":[{"@type":"WebPage","@id":"https:\/\/alavoix.com\/wp01\/numerologie\/","url":"https:\/\/alavoix.com\/wp01\/numerologie\/","name":"Numerologie - Atemtherapie Alavoix Atemstimmen","isPartOf":{"@id":"https:\/\/alavoix.com\/wp01\/#website"},"datePublished":"2025-12-12T14:44:13+00:00","dateModified":"2026-02-12T09:36:40+00:00","description":"Numerologie, Berechnungen und Beratungen: Lebenscode und Selbsterkenntnis, Beziehungscode und Verst\u00e4ndnis f\u00fcr die Partnerschaft","breadcrumb":{"@id":"https:\/\/alavoix.com\/wp01\/numerologie\/#breadcrumb"},"inLanguage":"de","potentialAction":[{"@type":"ReadAction","target":["https:\/\/alavoix.com\/wp01\/numerologie\/"]}]},{"@type":"BreadcrumbList","@id":"https:\/\/alavoix.com\/wp01\/numerologie\/#breadcrumb","itemListElement":[{"@type":"ListItem","position":1,"name":"Startseite","item":"https:\/\/alavoix.com\/wp01\/"},{"@type":"ListItem","position":2,"name":"Numerologie"}]},{"@type":"WebSite","@id":"https:\/\/alavoix.com\/wp01\/#website","url":"https:\/\/alavoix.com\/wp01\/","name":"Atemtherapie Alavoix Atemstimmen","description":"Atemtherapie &amp; Gesangsstunden","publisher":{"@id":"https:\/\/alavoix.com\/wp01\/#organization"},"potentialAction":[{"@type":"SearchAction","target":{"@type":"EntryPoint","urlTemplate":"https:\/\/alavoix.com\/wp01\/?s={search_term_string}"},"query-input":{"@type":"PropertyValueSpecification","valueRequired":true,"valueName":"search_term_string"}}],"inLanguage":"de"},{"@type":"Organization","@id":"https:\/\/alavoix.com\/wp01\/#organization","name":"alavoix atemstimmen","url":"https:\/\/alavoix.com\/wp01\/","logo":{"@type":"ImageObject","inLanguage":"de","@id":"https:\/\/alavoix.com\/wp01\/#\/schema\/logo\/image\/","url":"https:\/\/alavoix.com\/wp01\/wp-content\/uploads\/Logo_alavoix_atemstimmen_Pantone_Block.svg","contentUrl":"https:\/\/alavoix.com\/wp01\/wp-content\/uploads\/Logo_alavoix_atemstimmen_Pantone_Block.svg","width":1,"height":1,"caption":"alavoix atemstimmen"},"image":{"@id":"https:\/\/alavoix.com\/wp01\/#\/schema\/logo\/image\/"},"sameAs":["https:\/\/www.facebook.com\/Alavoix-atemstimmen-398439013575296\/"]}]}},"_links":{"self":[{"href":"https:\/\/alavoix.com\/wp01\/wp-json\/wp\/v2\/pages\/7418","targetHints":{"allow":["GET"]}}],"collection":[{"href":"https:\/\/alavoix.com\/wp01\/wp-json\/wp\/v2\/pages"}],"about":[{"href":"https:\/\/alavoix.com\/wp01\/wp-json\/wp\/v2\/types\/page"}],"author":[{"embeddable":true,"href":"https:\/\/alavoix.com\/wp01\/wp-json\/wp\/v2\/users\/1"}],"replies":[{"embeddable":true,"href":"https:\/\/alavoix.com\/wp01\/wp-json\/wp\/v2\/comments?post=7418"}],"version-history":[{"count":9,"href":"https:\/\/alavoix.com\/wp01\/wp-json\/wp\/v2\/pages\/7418\/revisions"}],"predecessor-version":[{"id":7449,"href":"https:\/\/alavoix.com\/wp01\/wp-json\/wp\/v2\/pages\/7418\/revisions\/7449"}],"wp:attachment":[{"href":"https:\/\/alavoix.com\/wp01\/wp-json\/wp\/v2\/media?parent=7418"}],"curies":[{"name":"wp","href":"https:\/\/api.w.org\/{rel}","templated":true}]}}